{"id":442,"date":"2023-03-14T13:40:11","date_gmt":"2023-03-14T12:40:11","guid":{"rendered":"https:\/\/location-alpe-dhuez-villard-reculas.com\/?page_id=442"},"modified":"2023-05-26T14:58:32","modified_gmt":"2023-05-26T12:58:32","slug":"la-desserte-localelocation-appartement-alpe-dhuez-villard-reculas","status":"publish","type":"page","link":"https:\/\/location-alpe-dhuez-villard-reculas.com\/index.php\/la-desserte-localelocation-appartement-alpe-dhuez-villard-reculas\/","title":{"rendered":"La desserte locale"},"content":{"rendered":"<p><\/p>\n<p class=\"has-white-color has-text-color\">Location Appartement Alpe d&rsquo;Huez Villard Reculas<\/p>\n<p><\/p>\n<p><\/p>\n<p class=\"has-text-align-center has-text-color has-medium-font-size\" style=\"color:#fffffa;line-height:1.1\"><strong>Votre location d&rsquo;appartement de vacances, ski ou \u00e9t\u00e9, au c\u0153ur des alpages, dans un village pr\u00e9serv\u00e9 et authentique de l&rsquo;Oisans<\/strong>, <strong>sur le grand domaine de l&rsquo; Alpe d&rsquo;Huez<\/strong><\/p>\n<p><\/p>\n<p><\/p>\n<figure class=\"wp-block-image size-full\"><a href=\"https:\/\/www.oisans.com\/jaime-loisans\/mobilite-douce\/ligne-transisere-et-autres-navettes\/\"><img loading=\"lazy\" decoding=\"async\" width=\"1347\" height=\"597\" src=\"https:\/\/location-alpe-dhuez-villard-reculas.com\/wp-content\/uploads\/2023\/03\/bus-oisans-1.png\" alt=\"\" class=\"wp-image-433\" srcset=\"https:\/\/location-alpe-dhuez-villard-reculas.com\/wp-content\/uploads\/2023\/03\/bus-oisans-1.png 1347w, https:\/\/location-alpe-dhuez-villard-reculas.com\/wp-content\/uploads\/2023\/03\/bus-oisans-1-300x133.png 300w, https:\/\/location-alpe-dhuez-villard-reculas.com\/wp-content\/uploads\/2023\/03\/bus-oisans-1-768x340.png 768w\" sizes=\"auto, (max-width: 1347px) 100vw, 1347px\" \/><\/a><\/figure>\n<p><\/p>\n<p><\/p>\n<p class=\"has-text-align-center has-white-color has-text-color has-small-font-size\">Le meilleur des deux mondes hiver comme \u00e9t\u00e9 : le calme sur place et l&rsquo;activit\u00e9 d&rsquo;une station anim\u00e9e \u00e0 proximit\u00e9 imm\u00e9diate ! <\/p>\n<p><\/p>\n<p><\/p>\n<div class=\"wp-block-buttons is-content-justification-center is-layout-flex wp-container-core-buttons-is-layout-a89b3969 wp-block-buttons-is-layout-flex\"><\/p>\n<div class=\"wp-block-button\"><a class=\"wp-block-button__link wp-element-button\" href=\"https:\/\/location-alpe-dhuez-villard-reculas.com\/index.php\/contact\/\">Pour r\u00e9server votre appartement de vacances <\/a><\/div>\n<p><\/div>\n<p><\/p>\n<p><\/p>\n<p class=\"has-text-align-center has-white-color has-text-color has-small-font-size\">Bien s\u00fbr, en hiver, avec un domaine \u00ab\u00a0Alpe d&rsquo;Huez &#8211; grand domaine\u00a0\u00bb parmi les plus r\u00e9put\u00e9s des Alpes. 300 jours de soleil par an ! Par ailleurs, un panorama fabuleux vous attend \u00e0 3330m au Pic Blanc. C&rsquo;est aussi la piste de Sarenne, la plus longue du monde avec 16km  de plaisir !  Le domaine comporte 132 pistes, pour un total de 251kms ! <\/p>\n<p><\/p>\n<p><\/p>\n<h2 class=\"has-text-align-center has-white-color has-text-color wp-block-heading\"><em>Hiver ET Et\u00e9&#8230;<\/em><\/h2>\n<p><\/p>\n<p><\/p>\n<p class=\"has-text-align-center has-white-color has-text-color has-small-font-size\">Ensuite, \u00e9voquons le domaine de ski nordique, sur le plateau des lacs, dot\u00e9 de 50 km de pistes. Les activit\u00e9s sont innombrables : bapt\u00eames avion \/ h\u00e9licopt\u00e8re, raquettes, randonn\u00e9es, chiens de traineaux, luge, patinoire, piscine int\u00e9rieure et ext\u00e9rieure \u2026.<\/p>\n<p><\/p>\n<p><\/p>\n<h2 class=\"has-text-align-center has-white-color has-text-color wp-block-heading\"><em>Le \u00ab\u00a0temple\u00a0\u00bb du cyclisme&#8230;<\/em><\/h2>\n<p><\/p>\n<p><\/p>\n<p class=\"has-text-align-center has-white-color has-text-color has-small-font-size\">Rendez vous incontournable des cyclistes, L&rsquo;Alpe d&rsquo;huez est, aussi, l&rsquo;arriv\u00e9e mythique du <a href=\"https:\/\/www.letour.fr\/fr\">Tour de France<\/a> cycliste et des cyclosportives comme \u00ab\u00a0La Marmotte\u00a0\u00bb. R\u00e9gion cycliste par excellence avec les grands noms que sont le col du Galibier, le col de la croix de fer , le col du Gandon, le col du Lautaret, Montgen\u00e8vre, Col du Luitel &#8230;, l&rsquo;Oisans vous attend ! <\/p>\n<p><\/p>\n<p><\/p>\n<h2 class=\"has-text-align-center has-white-color has-text-color wp-block-heading\"><em>Tous les sports&#8230;<\/em><\/h2>\n<p><\/p>\n<p><\/p>\n<p class=\"has-text-align-center has-white-color has-text-color has-small-font-size\">Le triathlon de l&rsquo; Alpe d&rsquo;Huez, la \u00ab\u00a0M\u00e9gavalanche\u00a0\u00bb, les trails estivaux et hivernaux  combleront les sportifs ! <\/p>\n<p><\/p>\n<p><\/p>\n<h2 class=\"has-text-align-center has-white-color has-text-color wp-block-heading\"><em>Pour la famille&#8230;<\/em><\/h2>\n<p><\/p>\n<p><\/p>\n<p class=\"has-text-align-center has-white-color has-text-color has-small-font-size\">Pour la famille, une mine d&rsquo;activit\u00e9s sont propos\u00e9es par les offices de tourisme de l&rsquo;Alpe d&rsquo;Huez et de Villard-Reculas. Vous pouvez en trouver le d\u00e9tails en cliquant sur les liens ci dessous ! La piscine, le spa, la patinoire \u00e0 l&rsquo;Alpe d&rsquo;Huez sont accessibles sans limite avec la carte \u00ab\u00a0<a href=\"https:\/\/www.alpedhuez.com\/fr\/ete\/types-apidae\/activite\/carte-premium-ete-2\/\">premium \u00e9t\u00e9<\/a>\u00a0\u00bb <\/p>\n<p><\/p>\n<p><\/p>\n<p class=\"has-text-align-center has-white-color has-text-color has-small-font-size\">Logement de vacances confortable et fonctionnel (class\u00e9 par organisme agr\u00e9\u00e9 3 \u00e9toiles ) , refait \u00e0 neuf, avec vue plein sud fantastique sur l&rsquo;Oisans, au c\u0153ur des alpages et de la nature.<\/p>\n<p><\/p>\n","protected":false},"excerpt":{"rendered":"<p>Location Appartement Alpe d&rsquo;Huez Villard Reculas Votre location d&rsquo;appartement de vacances, ski ou \u00e9t\u00e9, au c\u0153ur des alpages, dans un village pr\u00e9serv\u00e9 et authentique de l&rsquo;Oisans, sur le grand domaine de l&rsquo; Alpe d&rsquo;Huez Le meilleur des deux mondes hiver comme \u00e9t\u00e9 : le calme sur place et l&rsquo;activit\u00e9 d&rsquo;une station anim\u00e9e \u00e0 proximit\u00e9 imm\u00e9diate &hellip; <\/p>\n<p class=\"link-more\"><a href=\"https:\/\/location-alpe-dhuez-villard-reculas.com\/index.php\/la-desserte-localelocation-appartement-alpe-dhuez-villard-reculas\/\" class=\"more-link\">Lire la suite de<span class=\"screen-reader-text\">\u00ab\u00a0La desserte locale\u00a0\u00bb<\/span><\/a><\/p>\n","protected":false},"author":1,"featured_media":0,"parent":0,"menu_order":0,"comment_status":"closed","ping_status":"closed","template":"","meta":{"inspiro_hide_title":false,"_joinchat":[],"footnotes":""},"class_list":["post-442","page","type-page","status-publish","hentry"],"yoast_head":"<!-- This site is optimized with the Yoast SEO plugin v27.3 - https:\/\/yoast.com\/product\/yoast-seo-wordpress\/ -->\n<title>Location Appartement Alpe d&#039;Huez Villard Reculas<\/title>\n<meta name=\"description\" content=\"Visiter, se d\u00e9placer depuis Villard Reculas Alpe d&#039;Huez en Oisans Cliquez ici pour r\u00e9server Location Appartement Alpe d&#039;Huez Villard Reculas\" \/>\n<meta name=\"robots\" content=\"index, follow, max-snippet:-1, max-image-preview:large, max-video-preview:-1\" \/>\n<link rel=\"canonical\" href=\"https:\/\/location-alpe-dhuez-villard-reculas.com\/index.php\/la-desserte-localelocation-appartement-alpe-dhuez-villard-reculas\/\" \/>\n<meta property=\"og:locale\" content=\"fr_FR\" \/>\n<meta property=\"og:type\" content=\"article\" \/>\n<meta property=\"og:title\" content=\"Location Appartement Alpe d&#039;Huez Villard Reculas\" \/>\n<meta property=\"og:description\" content=\"Visiter, se d\u00e9placer depuis Villard Reculas Alpe d&#039;Huez en Oisans Cliquez ici pour r\u00e9server Location Appartement Alpe d&#039;Huez Villard Reculas\" \/>\n<meta property=\"og:url\" content=\"https:\/\/location-alpe-dhuez-villard-reculas.com\/index.php\/la-desserte-localelocation-appartement-alpe-dhuez-villard-reculas\/\" \/>\n<meta property=\"og:site_name\" content=\"Location \u00e0 Villard-Reculas Domaine de l&#039;Alpe d&#039;Huez\" \/>\n<meta property=\"article:modified_time\" content=\"2023-05-26T12:58:32+00:00\" \/>\n<meta property=\"og:image\" content=\"http:\/\/location-alpe-dhuez-villard-reculas.com\/wp-content\/uploads\/2023\/03\/bus-oisans-1.png\" \/>\n<meta name=\"twitter:card\" content=\"summary_large_image\" \/>\n<meta name=\"twitter:label1\" content=\"Dur\u00e9e de lecture estim\u00e9e\" \/>\n\t<meta name=\"twitter:data1\" content=\"2 minutes\" \/>\n<script type=\"application\/ld+json\" class=\"yoast-schema-graph\">{\"@context\":\"https:\\\/\\\/schema.org\",\"@graph\":[{\"@type\":\"WebPage\",\"@id\":\"https:\\\/\\\/location-alpe-dhuez-villard-reculas.com\\\/index.php\\\/la-desserte-localelocation-appartement-alpe-dhuez-villard-reculas\\\/\",\"url\":\"https:\\\/\\\/location-alpe-dhuez-villard-reculas.com\\\/index.php\\\/la-desserte-localelocation-appartement-alpe-dhuez-villard-reculas\\\/\",\"name\":\"Location Appartement Alpe d'Huez Villard Reculas\",\"isPartOf\":{\"@id\":\"https:\\\/\\\/location-alpe-dhuez-villard-reculas.com\\\/#website\"},\"primaryImageOfPage\":{\"@id\":\"https:\\\/\\\/location-alpe-dhuez-villard-reculas.com\\\/index.php\\\/la-desserte-localelocation-appartement-alpe-dhuez-villard-reculas\\\/#primaryimage\"},\"image\":{\"@id\":\"https:\\\/\\\/location-alpe-dhuez-villard-reculas.com\\\/index.php\\\/la-desserte-localelocation-appartement-alpe-dhuez-villard-reculas\\\/#primaryimage\"},\"thumbnailUrl\":\"http:\\\/\\\/location-alpe-dhuez-villard-reculas.com\\\/wp-content\\\/uploads\\\/2023\\\/03\\\/bus-oisans-1.png\",\"datePublished\":\"2023-03-14T12:40:11+00:00\",\"dateModified\":\"2023-05-26T12:58:32+00:00\",\"description\":\"Visiter, se d\u00e9placer depuis Villard Reculas Alpe d'Huez en Oisans Cliquez ici pour r\u00e9server Location Appartement Alpe d'Huez Villard Reculas\",\"breadcrumb\":{\"@id\":\"https:\\\/\\\/location-alpe-dhuez-villard-reculas.com\\\/index.php\\\/la-desserte-localelocation-appartement-alpe-dhuez-villard-reculas\\\/#breadcrumb\"},\"inLanguage\":\"fr-FR\",\"potentialAction\":[{\"@type\":\"ReadAction\",\"target\":[\"https:\\\/\\\/location-alpe-dhuez-villard-reculas.com\\\/index.php\\\/la-desserte-localelocation-appartement-alpe-dhuez-villard-reculas\\\/\"]}]},{\"@type\":\"ImageObject\",\"inLanguage\":\"fr-FR\",\"@id\":\"https:\\\/\\\/location-alpe-dhuez-villard-reculas.com\\\/index.php\\\/la-desserte-localelocation-appartement-alpe-dhuez-villard-reculas\\\/#primaryimage\",\"url\":\"http:\\\/\\\/location-alpe-dhuez-villard-reculas.com\\\/wp-content\\\/uploads\\\/2023\\\/03\\\/bus-oisans-1.png\",\"contentUrl\":\"http:\\\/\\\/location-alpe-dhuez-villard-reculas.com\\\/wp-content\\\/uploads\\\/2023\\\/03\\\/bus-oisans-1.png\"},{\"@type\":\"BreadcrumbList\",\"@id\":\"https:\\\/\\\/location-alpe-dhuez-villard-reculas.com\\\/index.php\\\/la-desserte-localelocation-appartement-alpe-dhuez-villard-reculas\\\/#breadcrumb\",\"itemListElement\":[{\"@type\":\"ListItem\",\"position\":1,\"name\":\"Accueil\",\"item\":\"https:\\\/\\\/location-alpe-dhuez-villard-reculas.com\\\/\"},{\"@type\":\"ListItem\",\"position\":2,\"name\":\"La desserte locale\"}]},{\"@type\":\"WebSite\",\"@id\":\"https:\\\/\\\/location-alpe-dhuez-villard-reculas.com\\\/#website\",\"url\":\"https:\\\/\\\/location-alpe-dhuez-villard-reculas.com\\\/\",\"name\":\"Location Domaine de l'Alpe d'huez\",\"description\":\"Appartement chalet alpe d&#039;huez Villard Reculas\",\"publisher\":{\"@id\":\"https:\\\/\\\/location-alpe-dhuez-villard-reculas.com\\\/#organization\"},\"alternateName\":\"Location appartement ski Alpe d'huez\",\"potentialAction\":[{\"@type\":\"SearchAction\",\"target\":{\"@type\":\"EntryPoint\",\"urlTemplate\":\"https:\\\/\\\/location-alpe-dhuez-villard-reculas.com\\\/?s={search_term_string}\"},\"query-input\":{\"@type\":\"PropertyValueSpecification\",\"valueRequired\":true,\"valueName\":\"search_term_string\"}}],\"inLanguage\":\"fr-FR\"},{\"@type\":\"Organization\",\"@id\":\"https:\\\/\\\/location-alpe-dhuez-villard-reculas.com\\\/#organization\",\"name\":\"Location appartement ski montagne Domaine de l'Alpe d'huez\",\"alternateName\":\"vakantie appartement verhuur alpe d'huez\",\"url\":\"https:\\\/\\\/location-alpe-dhuez-villard-reculas.com\\\/\",\"logo\":{\"@type\":\"ImageObject\",\"inLanguage\":\"fr-FR\",\"@id\":\"https:\\\/\\\/location-alpe-dhuez-villard-reculas.com\\\/#\\\/schema\\\/logo\\\/image\\\/\",\"url\":\"https:\\\/\\\/location-alpe-dhuez-villard-reculas.com\\\/wp-content\\\/uploads\\\/2023\\\/03\\\/IMG-20201207-WA0000.jpg\",\"contentUrl\":\"https:\\\/\\\/location-alpe-dhuez-villard-reculas.com\\\/wp-content\\\/uploads\\\/2023\\\/03\\\/IMG-20201207-WA0000.jpg\",\"width\":960,\"height\":924,\"caption\":\"Location appartement ski montagne Domaine de l'Alpe d'huez\"},\"image\":{\"@id\":\"https:\\\/\\\/location-alpe-dhuez-villard-reculas.com\\\/#\\\/schema\\\/logo\\\/image\\\/\"}}]}<\/script>\n<!-- \/ Yoast SEO plugin. -->","yoast_head_json":{"title":"Location Appartement Alpe d'Huez Villard Reculas","description":"Visiter, se d\u00e9placer depuis Villard Reculas Alpe d'Huez en Oisans Cliquez ici pour r\u00e9server Location Appartement Alpe d'Huez Villard Reculas","robots":{"index":"index","follow":"follow","max-snippet":"max-snippet:-1","max-image-preview":"max-image-preview:large","max-video-preview":"max-video-preview:-1"},"canonical":"https:\/\/location-alpe-dhuez-villard-reculas.com\/index.php\/la-desserte-localelocation-appartement-alpe-dhuez-villard-reculas\/","og_locale":"fr_FR","og_type":"article","og_title":"Location Appartement Alpe d'Huez Villard Reculas","og_description":"Visiter, se d\u00e9placer depuis Villard Reculas Alpe d'Huez en Oisans Cliquez ici pour r\u00e9server Location Appartement Alpe d'Huez Villard Reculas","og_url":"https:\/\/location-alpe-dhuez-villard-reculas.com\/index.php\/la-desserte-localelocation-appartement-alpe-dhuez-villard-reculas\/","og_site_name":"Location \u00e0 Villard-Reculas Domaine de l&#039;Alpe d&#039;Huez","article_modified_time":"2023-05-26T12:58:32+00:00","og_image":[{"url":"http:\/\/location-alpe-dhuez-villard-reculas.com\/wp-content\/uploads\/2023\/03\/bus-oisans-1.png","type":"","width":"","height":""}],"twitter_card":"summary_large_image","twitter_misc":{"Dur\u00e9e de lecture estim\u00e9e":"2 minutes"},"schema":{"@context":"https:\/\/schema.org","@graph":[{"@type":"WebPage","@id":"https:\/\/location-alpe-dhuez-villard-reculas.com\/index.php\/la-desserte-localelocation-appartement-alpe-dhuez-villard-reculas\/","url":"https:\/\/location-alpe-dhuez-villard-reculas.com\/index.php\/la-desserte-localelocation-appartement-alpe-dhuez-villard-reculas\/","name":"Location Appartement Alpe d'Huez Villard Reculas","isPartOf":{"@id":"https:\/\/location-alpe-dhuez-villard-reculas.com\/#website"},"primaryImageOfPage":{"@id":"https:\/\/location-alpe-dhuez-villard-reculas.com\/index.php\/la-desserte-localelocation-appartement-alpe-dhuez-villard-reculas\/#primaryimage"},"image":{"@id":"https:\/\/location-alpe-dhuez-villard-reculas.com\/index.php\/la-desserte-localelocation-appartement-alpe-dhuez-villard-reculas\/#primaryimage"},"thumbnailUrl":"http:\/\/location-alpe-dhuez-villard-reculas.com\/wp-content\/uploads\/2023\/03\/bus-oisans-1.png","datePublished":"2023-03-14T12:40:11+00:00","dateModified":"2023-05-26T12:58:32+00:00","description":"Visiter, se d\u00e9placer depuis Villard Reculas Alpe d'Huez en Oisans Cliquez ici pour r\u00e9server Location Appartement Alpe d'Huez Villard Reculas","breadcrumb":{"@id":"https:\/\/location-alpe-dhuez-villard-reculas.com\/index.php\/la-desserte-localelocation-appartement-alpe-dhuez-villard-reculas\/#breadcrumb"},"inLanguage":"fr-FR","potentialAction":[{"@type":"ReadAction","target":["https:\/\/location-alpe-dhuez-villard-reculas.com\/index.php\/la-desserte-localelocation-appartement-alpe-dhuez-villard-reculas\/"]}]},{"@type":"ImageObject","inLanguage":"fr-FR","@id":"https:\/\/location-alpe-dhuez-villard-reculas.com\/index.php\/la-desserte-localelocation-appartement-alpe-dhuez-villard-reculas\/#primaryimage","url":"http:\/\/location-alpe-dhuez-villard-reculas.com\/wp-content\/uploads\/2023\/03\/bus-oisans-1.png","contentUrl":"http:\/\/location-alpe-dhuez-villard-reculas.com\/wp-content\/uploads\/2023\/03\/bus-oisans-1.png"},{"@type":"BreadcrumbList","@id":"https:\/\/location-alpe-dhuez-villard-reculas.com\/index.php\/la-desserte-localelocation-appartement-alpe-dhuez-villard-reculas\/#breadcrumb","itemListElement":[{"@type":"ListItem","position":1,"name":"Accueil","item":"https:\/\/location-alpe-dhuez-villard-reculas.com\/"},{"@type":"ListItem","position":2,"name":"La desserte locale"}]},{"@type":"WebSite","@id":"https:\/\/location-alpe-dhuez-villard-reculas.com\/#website","url":"https:\/\/location-alpe-dhuez-villard-reculas.com\/","name":"Location Domaine de l'Alpe d'huez","description":"Appartement chalet alpe d&#039;huez Villard Reculas","publisher":{"@id":"https:\/\/location-alpe-dhuez-villard-reculas.com\/#organization"},"alternateName":"Location appartement ski Alpe d'huez","potentialAction":[{"@type":"SearchAction","target":{"@type":"EntryPoint","urlTemplate":"https:\/\/location-alpe-dhuez-villard-reculas.com\/?s={search_term_string}"},"query-input":{"@type":"PropertyValueSpecification","valueRequired":true,"valueName":"search_term_string"}}],"inLanguage":"fr-FR"},{"@type":"Organization","@id":"https:\/\/location-alpe-dhuez-villard-reculas.com\/#organization","name":"Location appartement ski montagne Domaine de l'Alpe d'huez","alternateName":"vakantie appartement verhuur alpe d'huez","url":"https:\/\/location-alpe-dhuez-villard-reculas.com\/","logo":{"@type":"ImageObject","inLanguage":"fr-FR","@id":"https:\/\/location-alpe-dhuez-villard-reculas.com\/#\/schema\/logo\/image\/","url":"https:\/\/location-alpe-dhuez-villard-reculas.com\/wp-content\/uploads\/2023\/03\/IMG-20201207-WA0000.jpg","contentUrl":"https:\/\/location-alpe-dhuez-villard-reculas.com\/wp-content\/uploads\/2023\/03\/IMG-20201207-WA0000.jpg","width":960,"height":924,"caption":"Location appartement ski montagne Domaine de l'Alpe d'huez"},"image":{"@id":"https:\/\/location-alpe-dhuez-villard-reculas.com\/#\/schema\/logo\/image\/"}}]}},"_links":{"self":[{"href":"https:\/\/location-alpe-dhuez-villard-reculas.com\/index.php\/wp-json\/wp\/v2\/pages\/442","targetHints":{"allow":["GET"]}}],"collection":[{"href":"https:\/\/location-alpe-dhuez-villard-reculas.com\/index.php\/wp-json\/wp\/v2\/pages"}],"about":[{"href":"https:\/\/location-alpe-dhuez-villard-reculas.com\/index.php\/wp-json\/wp\/v2\/types\/page"}],"author":[{"embeddable":true,"href":"https:\/\/location-alpe-dhuez-villard-reculas.com\/index.php\/wp-json\/wp\/v2\/users\/1"}],"replies":[{"embeddable":true,"href":"https:\/\/location-alpe-dhuez-villard-reculas.com\/index.php\/wp-json\/wp\/v2\/comments?post=442"}],"version-history":[{"count":4,"href":"https:\/\/location-alpe-dhuez-villard-reculas.com\/index.php\/wp-json\/wp\/v2\/pages\/442\/revisions"}],"predecessor-version":[{"id":678,"href":"https:\/\/location-alpe-dhuez-villard-reculas.com\/index.php\/wp-json\/wp\/v2\/pages\/442\/revisions\/678"}],"wp:attachment":[{"href":"https:\/\/location-alpe-dhuez-villard-reculas.com\/index.php\/wp-json\/wp\/v2\/media?parent=442"}],"curies":[{"name":"wp","href":"https:\/\/api.w.org\/{rel}","templated":true}]}}