{"id":285,"date":"2024-11-06T18:31:57","date_gmt":"2024-11-06T17:31:57","guid":{"rendered":"https:\/\/location-alpe-dhuez-villard-reculas.com\/?page_id=285"},"modified":"2026-03-02T11:50:11","modified_gmt":"2026-03-02T10:50:11","slug":"liens-vers-les-evenements-et-les-activites","status":"publish","type":"page","link":"https:\/\/location-alpe-dhuez-villard-reculas.com\/index.php\/liens-vers-les-evenements-et-les-activites\/","title":{"rendered":"Liens"},"content":{"rendered":"<p><\/p>\n<p class=\"has-text-align-center has-small-font-size\">Vous trouverez sur cette page, tout d&rsquo;abord, une s\u00e9lection d&rsquo;\u00e9v\u00e8nements qui ont lieu \u00e0 Villard-Reculas et \u00e0 l&rsquo;Alpe d&rsquo;Huez. Ensuite, nous vous proposons des liens vers des commerces, activit\u00e9s, pratiques&#8230; int\u00e9ressants pour pr\u00e9parer votre s\u00e9jour A bient\u00f4t dans les Alpes \ud83d\ude09  <\/p>\n<p><\/p>\n<p><\/p>\n<h2 class=\"wp-block-heading has-text-align-center has-medium-font-size\">Les \u00e9v\u00e8nements de 2026 \u00e0 l&rsquo;Alpe d&rsquo;Huez<\/h2>\n<p><\/p>\n<p><\/p>\n<figure class=\"wp-block-gallery has-nested-images columns-default is-cropped wp-block-gallery-1 is-layout-flex wp-block-gallery-is-layout-flex\"><\/p>\n<figure class=\"wp-block-image size-large is-style-default\"><a href=\"https:\/\/www.super-sarenne.fr\/\"><img loading=\"lazy\" decoding=\"async\" width=\"400\" height=\"401\" data-id=\"1679\" src=\"https:\/\/location-alpe-dhuez-villard-reculas.com\/wp-content\/uploads\/2024\/02\/400_63e3a49e43c8e.webp\" alt=\"\" class=\"wp-image-1679\" srcset=\"https:\/\/location-alpe-dhuez-villard-reculas.com\/wp-content\/uploads\/2024\/02\/400_63e3a49e43c8e.webp 400w, https:\/\/location-alpe-dhuez-villard-reculas.com\/wp-content\/uploads\/2024\/02\/400_63e3a49e43c8e-300x300.webp 300w, https:\/\/location-alpe-dhuez-villard-reculas.com\/wp-content\/uploads\/2024\/02\/400_63e3a49e43c8e-150x150.webp 150w\" sizes=\"auto, (max-width: 400px) 100vw, 400px\" \/><\/a><figcaption class=\"wp-element-caption\"><strong>Super Sarenne &#8211; LE G\u00e9ant &#8211; 1500 m de d\u00e9nivel\u00e9 !<\/strong> 29\/03\/2024<\/figcaption><\/figure>\n<p><\/p>\n<p><\/p>\n<figure class=\"wp-block-image size-large is-style-rounded\"><a href=\"https:\/\/www.facebook.com\/olympiquehuez\/\"><img loading=\"lazy\" decoding=\"async\" width=\"572\" height=\"512\" data-id=\"1707\" src=\"https:\/\/location-alpe-dhuez-villard-reculas.com\/wp-content\/uploads\/2024\/03\/mundialito.png\" alt=\"\" class=\"wp-image-1707\" srcset=\"https:\/\/location-alpe-dhuez-villard-reculas.com\/wp-content\/uploads\/2024\/03\/mundialito.png 572w, https:\/\/location-alpe-dhuez-villard-reculas.com\/wp-content\/uploads\/2024\/03\/mundialito-300x269.png 300w\" sizes=\"auto, (max-width: 572px) 100vw, 572px\" \/><\/a><figcaption class=\"wp-element-caption\"><strong>Mundialito &#8211; tournoi de Futsa<\/strong>l &#8211; 04\/04\/2026- 06\/06\/2026<\/figcaption><\/figure>\n<p><\/figure>\n<p><\/p>\n<p><\/p>\n<figure class=\"wp-block-gallery has-nested-images columns-default is-cropped wp-block-gallery-2 is-layout-flex wp-block-gallery-is-layout-flex\"><\/p>\n<figure class=\"wp-block-image size-large is-style-rounded\"><a href=\"https:\/\/www.alpedhuez.com\/fr\/festival-bd-de-lalpe-dhuez\/\"><img loading=\"lazy\" decoding=\"async\" width=\"546\" height=\"643\" data-id=\"1708\" src=\"https:\/\/location-alpe-dhuez-villard-reculas.com\/wp-content\/uploads\/2024\/03\/festival-BD.png\" alt=\"\" class=\"wp-image-1708\" srcset=\"https:\/\/location-alpe-dhuez-villard-reculas.com\/wp-content\/uploads\/2024\/03\/festival-BD.png 546w, https:\/\/location-alpe-dhuez-villard-reculas.com\/wp-content\/uploads\/2024\/03\/festival-BD-255x300.png 255w\" sizes=\"auto, (max-width: 546px) 100vw, 546px\" \/><\/a><figcaption class=\"wp-element-caption\"><strong>Festival de DB le l&rsquo;Alpe d&rsquo;Huez <\/strong>&#8211; 10\/04\/2026 &#8211; 12\/04\/2026<\/figcaption><\/figure>\n<p><\/p>\n<p><\/p>\n<figure class=\"wp-block-image size-medium is-style-rounded\"><a href=\"https:\/\/www.alpedhuez.com\/fr\/hiver\/fiche_apidae\/sarenne-snow-bike\/\" target=\"_blank\" rel=\"noreferrer noopener\"><img loading=\"lazy\" decoding=\"async\" width=\"300\" height=\"245\" data-id=\"366\" src=\"https:\/\/location-alpe-dhuez-villard-reculas.com\/wp-content\/uploads\/2023\/03\/sarenne-snow-bike-300x245.png\" alt=\"Sarenne snow bike VTT\" class=\"wp-image-366\" title=\"logement id\u00e9al pour Sarenne snow bike !\" srcset=\"https:\/\/location-alpe-dhuez-villard-reculas.com\/wp-content\/uploads\/2023\/03\/sarenne-snow-bike-300x245.png 300w, https:\/\/location-alpe-dhuez-villard-reculas.com\/wp-content\/uploads\/2023\/03\/sarenne-snow-bike.png 700w\" sizes=\"auto, (max-width: 300px) 100vw, 300px\" \/><\/a><figcaption class=\"wp-element-caption\"><a href=\"https:\/\/skipass.alpedhuez.com\/hiver\/sarenne-snowbike\/\"><strong><mark style=\"background-color:rgba(0, 0, 0, 0)\" class=\"has-inline-color has-black-color\">Sarenne s<\/mark><\/strong><mark style=\"background-color:rgba(0, 0, 0, 0)\" class=\"has-inline-color has-black-color\"><strong>now bike<\/strong> <\/mark>18\/04\/2026<\/a><\/figcaption><\/figure>\n<p><\/p>\n<p><\/p>\n<figure class=\"wp-block-image size-large is-style-rounded\"><a href=\"https:\/\/www.opgevenisgeenoptie.nl\/\" target=\"_blank\" rel=\"noreferrer noopener\"><img loading=\"lazy\" decoding=\"async\" width=\"803\" height=\"591\" data-id=\"368\" src=\"https:\/\/location-alpe-dhuez-villard-reculas.com\/wp-content\/uploads\/2023\/03\/alpe-uzes.png\" alt=\"Ideale accommodatie voor Alpe d'Huzes\" class=\"wp-image-368\" title=\"Ideale accommodatie voor Alpe d'Huzes\" srcset=\"https:\/\/location-alpe-dhuez-villard-reculas.com\/wp-content\/uploads\/2023\/03\/alpe-uzes.png 803w, https:\/\/location-alpe-dhuez-villard-reculas.com\/wp-content\/uploads\/2023\/03\/alpe-uzes-300x221.png 300w, https:\/\/location-alpe-dhuez-villard-reculas.com\/wp-content\/uploads\/2023\/03\/alpe-uzes-768x565.png 768w\" sizes=\"auto, (max-width: 803px) 100vw, 803px\" \/><\/a><figcaption class=\"wp-element-caption\"><a href=\"https:\/\/www.alpedhuez.com\/fr\/alpe-dhuzes\/\"><strong>L&rsquo;Alpe d&rsquo;Huzes<\/strong> 01\/06\/2026 &#8211; 05\/06\/2026<\/a><\/figcaption><\/figure>\n<p><\/p>\n<p><\/p>\n<figure class=\"wp-block-image size-large is-style-rounded\"><a href=\"https:\/\/marmottegranfondoalpes.com\/\" target=\"_blank\" rel=\"noreferrer noopener\"><img loading=\"lazy\" decoding=\"async\" width=\"677\" height=\"656\" data-id=\"371\" src=\"https:\/\/location-alpe-dhuez-villard-reculas.com\/wp-content\/uploads\/2023\/03\/La-Marmotte.png\" alt=\"La marmotte - Alpe d'Huez - col du Galibier - col de la croix de Fer\" class=\"wp-image-371\" title=\"Votre camp de base pour la Marmotte ;-)\" srcset=\"https:\/\/location-alpe-dhuez-villard-reculas.com\/wp-content\/uploads\/2023\/03\/La-Marmotte.png 677w, https:\/\/location-alpe-dhuez-villard-reculas.com\/wp-content\/uploads\/2023\/03\/La-Marmotte-300x291.png 300w\" sizes=\"auto, (max-width: 677px) 100vw, 677px\" \/><\/a><figcaption class=\"wp-element-caption\"><strong>La Marmotte &#8211; <\/strong>Granfondo 28\/06\/2026<\/figcaption><\/figure>\n<p><\/p>\n<p><\/p>\n<figure class=\"wp-block-image size-large is-style-rounded\"><a href=\"https:\/\/ucc-sportevent.fr\/megavalanche-alpe-dhuez-2\/\" target=\"_blank\" rel=\"noreferrer noopener\"><img loading=\"lazy\" decoding=\"async\" width=\"720\" height=\"518\" data-id=\"373\" src=\"https:\/\/location-alpe-dhuez-villard-reculas.com\/wp-content\/uploads\/2023\/03\/Megavalanche.png\" alt=\"\" class=\"wp-image-373\" title=\"Votre rep\u00e8re pour la M\u00e9gavalanche ! \" srcset=\"https:\/\/location-alpe-dhuez-villard-reculas.com\/wp-content\/uploads\/2023\/03\/Megavalanche.png 720w, https:\/\/location-alpe-dhuez-villard-reculas.com\/wp-content\/uploads\/2023\/03\/Megavalanche-300x216.png 300w\" sizes=\"auto, (max-width: 720px) 100vw, 720px\" \/><\/a><figcaption class=\"wp-element-caption\"><strong>La Megavalanche<\/strong> 10-12\/ 07\/2026<\/figcaption><\/figure>\n<p><\/figure>\n<p><\/p>\n<p><\/p>\n<figure class=\"wp-block-gallery has-nested-images columns-default is-cropped wp-block-gallery-3 is-layout-flex wp-block-gallery-is-layout-flex\"><\/p>\n<figure class=\"wp-block-image size-large is-style-rounded\"><a href=\"https:\/\/www.megavalanchetrail.com\/\" target=\"_blank\" rel=\"noreferrer noopener\"><img loading=\"lazy\" decoding=\"async\" width=\"735\" height=\"528\" data-id=\"375\" src=\"https:\/\/location-alpe-dhuez-villard-reculas.com\/wp-content\/uploads\/2023\/03\/megavalanche-trail.png\" alt=\"Trail Megavalanche Trail - Alpe d'Huez - logement - location\" class=\"wp-image-375\" title=\"M\u00e9gavalanche location\" srcset=\"https:\/\/location-alpe-dhuez-villard-reculas.com\/wp-content\/uploads\/2023\/03\/megavalanche-trail.png 735w, https:\/\/location-alpe-dhuez-villard-reculas.com\/wp-content\/uploads\/2023\/03\/megavalanche-trail-300x216.png 300w\" sizes=\"auto, (max-width: 735px) 100vw, 735px\" \/><\/a><figcaption class=\"wp-element-caption\"><strong>Megavalanche Trail &#8211; <\/strong>12\/07\/2026<\/figcaption><\/figure>\n<p><\/figure>\n<p><\/p>\n<p><\/p>\n<figure class=\"wp-block-gallery has-nested-images columns-default is-cropped wp-block-gallery-4 is-layout-flex wp-block-gallery-is-layout-flex\"><\/p>\n<figure class=\"wp-block-image size-large is-style-rounded\"><a href=\"http:\/\/www.echecs.asso.fr\/Actu.aspx?Ref=14707#\" target=\"_blank\" rel=\"noreferrer noopener\"><img loading=\"lazy\" decoding=\"async\" width=\"636\" height=\"595\" data-id=\"383\" src=\"https:\/\/location-alpe-dhuez-villard-reculas.com\/wp-content\/uploads\/2023\/03\/champ-france-echecs.png\" alt=\"\" class=\"wp-image-383\" srcset=\"https:\/\/location-alpe-dhuez-villard-reculas.com\/wp-content\/uploads\/2023\/03\/champ-france-echecs.png 636w, https:\/\/location-alpe-dhuez-villard-reculas.com\/wp-content\/uploads\/2023\/03\/champ-france-echecs-300x281.png 300w\" sizes=\"auto, (max-width: 636px) 100vw, 636px\" \/><\/a><figcaption class=\"wp-element-caption\"><strong>Open international d&rsquo;Echecs <\/strong>24-29\/08\/2026<\/figcaption><\/figure>\n<p><\/figure>\n<p><\/p>\n<p><\/p>\n<figure class=\"wp-block-gallery has-nested-images columns-default is-cropped wp-block-gallery-5 is-layout-flex wp-block-gallery-is-layout-flex\"><\/p>\n<figure class=\"wp-block-image size-large is-style-rounded\"><a href=\"https:\/\/isere.planetekiosque.com\/57-544897-5-national-petanque-alpe-huez.html#:~:text=National%20P%C3%A9tanque%20de%20l'Alpe,%2Dd'Huez%20%2D%20Animation%20diverse\" target=\"_blank\" rel=\"noreferrer noopener\"><img loading=\"lazy\" decoding=\"async\" width=\"320\" height=\"266\" data-id=\"384\" src=\"https:\/\/location-alpe-dhuez-villard-reculas.com\/wp-content\/uploads\/2023\/03\/national-petanque.png\" alt=\"\" class=\"wp-image-384\" srcset=\"https:\/\/location-alpe-dhuez-villard-reculas.com\/wp-content\/uploads\/2023\/03\/national-petanque.png 320w, https:\/\/location-alpe-dhuez-villard-reculas.com\/wp-content\/uploads\/2023\/03\/national-petanque-300x249.png 300w\" sizes=\"auto, (max-width: 320px) 100vw, 320px\" \/><\/a><figcaption class=\"wp-element-caption\"><strong>National P\u00e9tanque &#8211; Alpe d&rsquo;Huez<\/strong> 21-23\/08\/2026<\/figcaption><\/figure>\n<p><\/figure>\n<p><\/p>\n<p><\/p>\n<h2 class=\"wp-block-heading has-text-align-center has-medium-font-size\">Les liens utiles et pratiques<\/h2>\n<p><\/p>\n<p><\/p>\n<hr class=\"wp-block-separator has-alpha-channel-opacity is-style-wide\"\/>\n<\/p>\n<p>\n<table id=\"tablepress-1\" class=\"tablepress tablepress-id-1\">\n<tbody class=\"row-striping\">\n<tr class=\"row-1\">\n\t<td class=\"column-1\"><a href=\"https:\/\/www.oisans.com\/\" rel=\"noopener\" target=\"_blank\">office de tourisme de l&rsquo;Oisans<\/a><\/td><td class=\"column-2\"><img loading=\"lazy\" decoding=\"async\" src=\"https:\/\/location-alpe-dhuez-villard-reculas.com\/wp-content\/uploads\/2023\/03\/logo-oisans-1.png\" alt=\"\" width=\"257\" height=\"92\" class=\"alignnone size-full wp-image-315\" \/><a href=\"https:\/\/www.oisans.com\/\" rel=\"noopener\" target=\"_blank\"><\/a><\/td>\n<\/tr>\n<tr class=\"row-2\">\n\t<td class=\"column-1\">Office de tourisme de Villard-Reculas<\/td><td class=\"column-2\"><img loading=\"lazy\" decoding=\"async\" src=\"https:\/\/location-alpe-dhuez-villard-reculas.com\/wp-content\/uploads\/2023\/03\/logo-villard-oisans-e1677784343898.png\" alt=\"\" width=\"235\" height=\"87\" class=\"alignnone size-full wp-image-316\" \/><\/td>\n<\/tr>\n<tr class=\"row-3\">\n\t<td class=\"column-1\">Office de tourisme de l&rsquo;Alpe d&rsquo;Huez<\/td><td class=\"column-2\"><img loading=\"lazy\" decoding=\"async\" src=\"https:\/\/location-alpe-dhuez-villard-reculas.com\/wp-content\/uploads\/2023\/03\/logo-alpe-huez-e1677784197206-300x91.png\" alt=\"\" width=\"300\" height=\"91\" class=\"alignnone size-medium wp-image-314\" \/><\/td>\n<\/tr>\n<tr class=\"row-4\">\n\t<td class=\"column-1\"><a href=\"https:\/\/www.facebook.com\/profile.php?id=100088517280127\" rel=\"noopener\" target=\"_blank\">Restaurant \u00ab\u00a0Le Bijou\u00a0\u00bb<\/a><\/td><td class=\"column-2\"><img loading=\"lazy\" decoding=\"async\" src=\"https:\/\/location-alpe-dhuez-villard-reculas.com\/wp-content\/uploads\/2023\/09\/le-bijou-300x225.jpg\" alt=\"\" width=\"300\" height=\"225\" class=\"alignnone size-medium wp-image-742\" srcset=\"https:\/\/location-alpe-dhuez-villard-reculas.com\/wp-content\/uploads\/2023\/09\/le-bijou-300x225.jpg 300w, https:\/\/location-alpe-dhuez-villard-reculas.com\/wp-content\/uploads\/2023\/09\/le-bijou.jpg 550w\" sizes=\"auto, (max-width: 300px) 100vw, 300px\" \/><\/td>\n<\/tr>\n<\/tbody>\n<\/table>\n<!-- #tablepress-1 from cache --><\/p>\n","protected":false},"excerpt":{"rendered":"<p>Vous trouverez sur cette page, tout d&rsquo;abord, une s\u00e9lection d&rsquo;\u00e9v\u00e8nements qui ont lieu \u00e0 Villard-Reculas et \u00e0 l&rsquo;Alpe d&rsquo;Huez. Ensuite, nous vous proposons des liens vers des commerces, activit\u00e9s, pratiques&#8230; int\u00e9ressants pour pr\u00e9parer votre s\u00e9jour A bient\u00f4t dans les Alpes \ud83d\ude09 Les \u00e9v\u00e8nements de 2026 \u00e0 l&rsquo;Alpe d&rsquo;Huez Les liens utiles et pratiques<\/p>\n","protected":false},"author":1,"featured_media":0,"parent":0,"menu_order":0,"comment_status":"closed","ping_status":"closed","template":"","meta":{"inspiro_hide_title":false,"_joinchat":[],"footnotes":""},"class_list":["post-285","page","type-page","status-publish","hentry"],"yoast_head":"<!-- This site is optimized with the Yoast SEO plugin v27.4 - https:\/\/yoast.com\/product\/yoast-seo-wordpress\/ -->\n<title>Liens - Location \u00e0 Villard-Reculas Domaine de l&#039;Alpe d&#039;Huez<\/title>\n<meta name=\"description\" content=\"Les activit\u00e9s, les \u00e9v\u00e9nements \u00e0 Villard Reculas, \u00e0 l&#039;Alpe d&#039;Huez. Les \u00e9crins, l&#039;oisans et ses tr\u00e9sors. Le temple du cyclisme et de l&#039;alpinisme\" \/>\n<meta name=\"robots\" content=\"index, follow, max-snippet:-1, max-image-preview:large, max-video-preview:-1\" \/>\n<link rel=\"canonical\" href=\"https:\/\/location-alpe-dhuez-villard-reculas.com\/index.php\/liens-vers-les-evenements-et-les-activites\/\" \/>\n<meta property=\"og:locale\" content=\"fr_FR\" \/>\n<meta property=\"og:type\" content=\"article\" \/>\n<meta property=\"og:title\" content=\"Liens - Location \u00e0 Villard-Reculas Domaine de l&#039;Alpe d&#039;Huez\" \/>\n<meta property=\"og:description\" content=\"Les activit\u00e9s, les \u00e9v\u00e9nements \u00e0 Villard Reculas, \u00e0 l&#039;Alpe d&#039;Huez. Les \u00e9crins, l&#039;oisans et ses tr\u00e9sors. Le temple du cyclisme et de l&#039;alpinisme\" \/>\n<meta property=\"og:url\" content=\"https:\/\/location-alpe-dhuez-villard-reculas.com\/index.php\/liens-vers-les-evenements-et-les-activites\/\" \/>\n<meta property=\"og:site_name\" content=\"Location \u00e0 Villard-Reculas Domaine de l&#039;Alpe d&#039;Huez\" \/>\n<meta property=\"article:modified_time\" content=\"2026-03-02T10:50:11+00:00\" \/>\n<meta property=\"og:image\" content=\"https:\/\/location-alpe-dhuez-villard-reculas.com\/wp-content\/uploads\/2024\/02\/400_63e3a49e43c8e.webp\" \/>\n\t<meta property=\"og:image:width\" content=\"400\" \/>\n\t<meta property=\"og:image:height\" content=\"401\" \/>\n\t<meta property=\"og:image:type\" content=\"image\/webp\" \/>\n<meta name=\"twitter:card\" content=\"summary_large_image\" \/>\n<meta name=\"twitter:label1\" content=\"Dur\u00e9e de lecture estim\u00e9e\" \/>\n\t<meta name=\"twitter:data1\" content=\"3 minutes\" \/>\n<script type=\"application\/ld+json\" class=\"yoast-schema-graph\">{\"@context\":\"https:\\\/\\\/schema.org\",\"@graph\":[{\"@type\":\"WebPage\",\"@id\":\"https:\\\/\\\/location-alpe-dhuez-villard-reculas.com\\\/index.php\\\/liens-vers-les-evenements-et-les-activites\\\/\",\"url\":\"https:\\\/\\\/location-alpe-dhuez-villard-reculas.com\\\/index.php\\\/liens-vers-les-evenements-et-les-activites\\\/\",\"name\":\"Liens - Location \u00e0 Villard-Reculas Domaine de l&#039;Alpe d&#039;Huez\",\"isPartOf\":{\"@id\":\"https:\\\/\\\/location-alpe-dhuez-villard-reculas.com\\\/#website\"},\"primaryImageOfPage\":{\"@id\":\"https:\\\/\\\/location-alpe-dhuez-villard-reculas.com\\\/index.php\\\/liens-vers-les-evenements-et-les-activites\\\/#primaryimage\"},\"image\":{\"@id\":\"https:\\\/\\\/location-alpe-dhuez-villard-reculas.com\\\/index.php\\\/liens-vers-les-evenements-et-les-activites\\\/#primaryimage\"},\"thumbnailUrl\":\"https:\\\/\\\/location-alpe-dhuez-villard-reculas.com\\\/wp-content\\\/uploads\\\/2024\\\/02\\\/400_63e3a49e43c8e.webp\",\"datePublished\":\"2024-11-06T17:31:57+00:00\",\"dateModified\":\"2026-03-02T10:50:11+00:00\",\"description\":\"Les activit\u00e9s, les \u00e9v\u00e9nements \u00e0 Villard Reculas, \u00e0 l'Alpe d'Huez. Les \u00e9crins, l'oisans et ses tr\u00e9sors. Le temple du cyclisme et de l'alpinisme\",\"breadcrumb\":{\"@id\":\"https:\\\/\\\/location-alpe-dhuez-villard-reculas.com\\\/index.php\\\/liens-vers-les-evenements-et-les-activites\\\/#breadcrumb\"},\"inLanguage\":\"fr-FR\",\"potentialAction\":[{\"@type\":\"ReadAction\",\"target\":[\"https:\\\/\\\/location-alpe-dhuez-villard-reculas.com\\\/index.php\\\/liens-vers-les-evenements-et-les-activites\\\/\"]}]},{\"@type\":\"ImageObject\",\"inLanguage\":\"fr-FR\",\"@id\":\"https:\\\/\\\/location-alpe-dhuez-villard-reculas.com\\\/index.php\\\/liens-vers-les-evenements-et-les-activites\\\/#primaryimage\",\"url\":\"https:\\\/\\\/location-alpe-dhuez-villard-reculas.com\\\/wp-content\\\/uploads\\\/2024\\\/02\\\/400_63e3a49e43c8e.webp\",\"contentUrl\":\"https:\\\/\\\/location-alpe-dhuez-villard-reculas.com\\\/wp-content\\\/uploads\\\/2024\\\/02\\\/400_63e3a49e43c8e.webp\",\"width\":400,\"height\":401},{\"@type\":\"BreadcrumbList\",\"@id\":\"https:\\\/\\\/location-alpe-dhuez-villard-reculas.com\\\/index.php\\\/liens-vers-les-evenements-et-les-activites\\\/#breadcrumb\",\"itemListElement\":[{\"@type\":\"ListItem\",\"position\":1,\"name\":\"Accueil\",\"item\":\"https:\\\/\\\/location-alpe-dhuez-villard-reculas.com\\\/\"},{\"@type\":\"ListItem\",\"position\":2,\"name\":\"Liens\"}]},{\"@type\":\"WebSite\",\"@id\":\"https:\\\/\\\/location-alpe-dhuez-villard-reculas.com\\\/#website\",\"url\":\"https:\\\/\\\/location-alpe-dhuez-villard-reculas.com\\\/\",\"name\":\"Location Domaine de l'Alpe d'huez\",\"description\":\"Appartement chalet alpe d&#039;huez Villard Reculas\",\"publisher\":{\"@id\":\"https:\\\/\\\/location-alpe-dhuez-villard-reculas.com\\\/#organization\"},\"alternateName\":\"Location appartement ski Alpe d'huez\",\"potentialAction\":[{\"@type\":\"SearchAction\",\"target\":{\"@type\":\"EntryPoint\",\"urlTemplate\":\"https:\\\/\\\/location-alpe-dhuez-villard-reculas.com\\\/?s={search_term_string}\"},\"query-input\":{\"@type\":\"PropertyValueSpecification\",\"valueRequired\":true,\"valueName\":\"search_term_string\"}}],\"inLanguage\":\"fr-FR\"},{\"@type\":\"Organization\",\"@id\":\"https:\\\/\\\/location-alpe-dhuez-villard-reculas.com\\\/#organization\",\"name\":\"Location appartement ski montagne Domaine de l'Alpe d'huez\",\"alternateName\":\"vakantie appartement verhuur alpe d'huez\",\"url\":\"https:\\\/\\\/location-alpe-dhuez-villard-reculas.com\\\/\",\"logo\":{\"@type\":\"ImageObject\",\"inLanguage\":\"fr-FR\",\"@id\":\"https:\\\/\\\/location-alpe-dhuez-villard-reculas.com\\\/#\\\/schema\\\/logo\\\/image\\\/\",\"url\":\"https:\\\/\\\/location-alpe-dhuez-villard-reculas.com\\\/wp-content\\\/uploads\\\/2023\\\/03\\\/IMG-20201207-WA0000.jpg\",\"contentUrl\":\"https:\\\/\\\/location-alpe-dhuez-villard-reculas.com\\\/wp-content\\\/uploads\\\/2023\\\/03\\\/IMG-20201207-WA0000.jpg\",\"width\":960,\"height\":924,\"caption\":\"Location appartement ski montagne Domaine de l'Alpe d'huez\"},\"image\":{\"@id\":\"https:\\\/\\\/location-alpe-dhuez-villard-reculas.com\\\/#\\\/schema\\\/logo\\\/image\\\/\"}}]}<\/script>\n<!-- \/ Yoast SEO plugin. -->","yoast_head_json":{"title":"Liens - Location \u00e0 Villard-Reculas Domaine de l&#039;Alpe d&#039;Huez","description":"Les activit\u00e9s, les \u00e9v\u00e9nements \u00e0 Villard Reculas, \u00e0 l'Alpe d'Huez. Les \u00e9crins, l'oisans et ses tr\u00e9sors. Le temple du cyclisme et de l'alpinisme","robots":{"index":"index","follow":"follow","max-snippet":"max-snippet:-1","max-image-preview":"max-image-preview:large","max-video-preview":"max-video-preview:-1"},"canonical":"https:\/\/location-alpe-dhuez-villard-reculas.com\/index.php\/liens-vers-les-evenements-et-les-activites\/","og_locale":"fr_FR","og_type":"article","og_title":"Liens - Location \u00e0 Villard-Reculas Domaine de l&#039;Alpe d&#039;Huez","og_description":"Les activit\u00e9s, les \u00e9v\u00e9nements \u00e0 Villard Reculas, \u00e0 l'Alpe d'Huez. Les \u00e9crins, l'oisans et ses tr\u00e9sors. Le temple du cyclisme et de l'alpinisme","og_url":"https:\/\/location-alpe-dhuez-villard-reculas.com\/index.php\/liens-vers-les-evenements-et-les-activites\/","og_site_name":"Location \u00e0 Villard-Reculas Domaine de l&#039;Alpe d&#039;Huez","article_modified_time":"2026-03-02T10:50:11+00:00","og_image":[{"width":400,"height":401,"url":"https:\/\/location-alpe-dhuez-villard-reculas.com\/wp-content\/uploads\/2024\/02\/400_63e3a49e43c8e.webp","type":"image\/webp"}],"twitter_card":"summary_large_image","twitter_misc":{"Dur\u00e9e de lecture estim\u00e9e":"3 minutes"},"schema":{"@context":"https:\/\/schema.org","@graph":[{"@type":"WebPage","@id":"https:\/\/location-alpe-dhuez-villard-reculas.com\/index.php\/liens-vers-les-evenements-et-les-activites\/","url":"https:\/\/location-alpe-dhuez-villard-reculas.com\/index.php\/liens-vers-les-evenements-et-les-activites\/","name":"Liens - Location \u00e0 Villard-Reculas Domaine de l&#039;Alpe d&#039;Huez","isPartOf":{"@id":"https:\/\/location-alpe-dhuez-villard-reculas.com\/#website"},"primaryImageOfPage":{"@id":"https:\/\/location-alpe-dhuez-villard-reculas.com\/index.php\/liens-vers-les-evenements-et-les-activites\/#primaryimage"},"image":{"@id":"https:\/\/location-alpe-dhuez-villard-reculas.com\/index.php\/liens-vers-les-evenements-et-les-activites\/#primaryimage"},"thumbnailUrl":"https:\/\/location-alpe-dhuez-villard-reculas.com\/wp-content\/uploads\/2024\/02\/400_63e3a49e43c8e.webp","datePublished":"2024-11-06T17:31:57+00:00","dateModified":"2026-03-02T10:50:11+00:00","description":"Les activit\u00e9s, les \u00e9v\u00e9nements \u00e0 Villard Reculas, \u00e0 l'Alpe d'Huez. Les \u00e9crins, l'oisans et ses tr\u00e9sors. Le temple du cyclisme et de l'alpinisme","breadcrumb":{"@id":"https:\/\/location-alpe-dhuez-villard-reculas.com\/index.php\/liens-vers-les-evenements-et-les-activites\/#breadcrumb"},"inLanguage":"fr-FR","potentialAction":[{"@type":"ReadAction","target":["https:\/\/location-alpe-dhuez-villard-reculas.com\/index.php\/liens-vers-les-evenements-et-les-activites\/"]}]},{"@type":"ImageObject","inLanguage":"fr-FR","@id":"https:\/\/location-alpe-dhuez-villard-reculas.com\/index.php\/liens-vers-les-evenements-et-les-activites\/#primaryimage","url":"https:\/\/location-alpe-dhuez-villard-reculas.com\/wp-content\/uploads\/2024\/02\/400_63e3a49e43c8e.webp","contentUrl":"https:\/\/location-alpe-dhuez-villard-reculas.com\/wp-content\/uploads\/2024\/02\/400_63e3a49e43c8e.webp","width":400,"height":401},{"@type":"BreadcrumbList","@id":"https:\/\/location-alpe-dhuez-villard-reculas.com\/index.php\/liens-vers-les-evenements-et-les-activites\/#breadcrumb","itemListElement":[{"@type":"ListItem","position":1,"name":"Accueil","item":"https:\/\/location-alpe-dhuez-villard-reculas.com\/"},{"@type":"ListItem","position":2,"name":"Liens"}]},{"@type":"WebSite","@id":"https:\/\/location-alpe-dhuez-villard-reculas.com\/#website","url":"https:\/\/location-alpe-dhuez-villard-reculas.com\/","name":"Location Domaine de l'Alpe d'huez","description":"Appartement chalet alpe d&#039;huez Villard Reculas","publisher":{"@id":"https:\/\/location-alpe-dhuez-villard-reculas.com\/#organization"},"alternateName":"Location appartement ski Alpe d'huez","potentialAction":[{"@type":"SearchAction","target":{"@type":"EntryPoint","urlTemplate":"https:\/\/location-alpe-dhuez-villard-reculas.com\/?s={search_term_string}"},"query-input":{"@type":"PropertyValueSpecification","valueRequired":true,"valueName":"search_term_string"}}],"inLanguage":"fr-FR"},{"@type":"Organization","@id":"https:\/\/location-alpe-dhuez-villard-reculas.com\/#organization","name":"Location appartement ski montagne Domaine de l'Alpe d'huez","alternateName":"vakantie appartement verhuur alpe d'huez","url":"https:\/\/location-alpe-dhuez-villard-reculas.com\/","logo":{"@type":"ImageObject","inLanguage":"fr-FR","@id":"https:\/\/location-alpe-dhuez-villard-reculas.com\/#\/schema\/logo\/image\/","url":"https:\/\/location-alpe-dhuez-villard-reculas.com\/wp-content\/uploads\/2023\/03\/IMG-20201207-WA0000.jpg","contentUrl":"https:\/\/location-alpe-dhuez-villard-reculas.com\/wp-content\/uploads\/2023\/03\/IMG-20201207-WA0000.jpg","width":960,"height":924,"caption":"Location appartement ski montagne Domaine de l'Alpe d'huez"},"image":{"@id":"https:\/\/location-alpe-dhuez-villard-reculas.com\/#\/schema\/logo\/image\/"}}]}},"_links":{"self":[{"href":"https:\/\/location-alpe-dhuez-villard-reculas.com\/index.php\/wp-json\/wp\/v2\/pages\/285","targetHints":{"allow":["GET"]}}],"collection":[{"href":"https:\/\/location-alpe-dhuez-villard-reculas.com\/index.php\/wp-json\/wp\/v2\/pages"}],"about":[{"href":"https:\/\/location-alpe-dhuez-villard-reculas.com\/index.php\/wp-json\/wp\/v2\/types\/page"}],"author":[{"embeddable":true,"href":"https:\/\/location-alpe-dhuez-villard-reculas.com\/index.php\/wp-json\/wp\/v2\/users\/1"}],"replies":[{"embeddable":true,"href":"https:\/\/location-alpe-dhuez-villard-reculas.com\/index.php\/wp-json\/wp\/v2\/comments?post=285"}],"version-history":[{"count":49,"href":"https:\/\/location-alpe-dhuez-villard-reculas.com\/index.php\/wp-json\/wp\/v2\/pages\/285\/revisions"}],"predecessor-version":[{"id":1796,"href":"https:\/\/location-alpe-dhuez-villard-reculas.com\/index.php\/wp-json\/wp\/v2\/pages\/285\/revisions\/1796"}],"wp:attachment":[{"href":"https:\/\/location-alpe-dhuez-villard-reculas.com\/index.php\/wp-json\/wp\/v2\/media?parent=285"}],"curies":[{"name":"wp","href":"https:\/\/api.w.org\/{rel}","templated":true}]}}