{"id":24,"date":"2023-02-28T17:31:56","date_gmt":"2023-02-28T16:31:56","guid":{"rendered":"https:\/\/location-alpe-dhuez-villard-reculas.com\/?page_id=24"},"modified":"2023-05-05T17:13:48","modified_gmt":"2023-05-05T15:13:48","slug":"location-appartement-alpe-dhuez-villard-reulas","status":"publish","type":"page","link":"https:\/\/location-alpe-dhuez-villard-reculas.com\/index.php\/location-appartement-alpe-dhuez-villard-reulas\/","title":{"rendered":"L&rsquo;appartement"},"content":{"rendered":"<p><\/p>\n<div class=\"wp-block-cover is-light\"><span aria-hidden=\"true\" class=\"wp-block-cover__background has-background-dim-0 has-background-dim\"><\/span><img loading=\"lazy\" decoding=\"async\" width=\"2560\" height=\"1695\" class=\"wp-block-cover__image-background wp-image-100\" alt=\"Interieur de l'appartement - cuisine - ski alpe d'huez\" src=\"https:\/\/location-alpe-dhuez-villard-reculas.com\/wp-content\/uploads\/2023\/03\/Coin-repas-Copier-scaled.jpg\" data-object-fit=\"cover\" srcset=\"https:\/\/location-alpe-dhuez-villard-reculas.com\/wp-content\/uploads\/2023\/03\/Coin-repas-Copier-scaled.jpg 2560w, https:\/\/location-alpe-dhuez-villard-reculas.com\/wp-content\/uploads\/2023\/03\/Coin-repas-Copier-300x199.jpg 300w, https:\/\/location-alpe-dhuez-villard-reculas.com\/wp-content\/uploads\/2023\/03\/Coin-repas-Copier-768x509.jpg 768w, https:\/\/location-alpe-dhuez-villard-reculas.com\/wp-content\/uploads\/2023\/03\/Coin-repas-Copier-1536x1017.jpg 1536w, https:\/\/location-alpe-dhuez-villard-reculas.com\/wp-content\/uploads\/2023\/03\/Coin-repas-Copier-2048x1356.jpg 2048w, https:\/\/location-alpe-dhuez-villard-reculas.com\/wp-content\/uploads\/2023\/03\/Coin-repas-Copier-2000x1325.jpg 2000w\" sizes=\"auto, (max-width: 2560px) 100vw, 2560px\" \/><\/p>\n<div class=\"wp-block-cover__inner-container is-layout-flow wp-block-cover-is-layout-flow\"><\/p>\n<p class=\"has-text-align-center has-white-color has-text-color has-large-font-size\">\n<p><\/div>\n<\/div>\n<p><\/p>\n<p><\/p>\n<hr class=\"wp-block-separator has-alpha-channel-opacity\"\/>\n<\/p>\n<p><\/p>\n<p class=\"has-text-align-center has-small-font-size\">L&rsquo;appartement \u00e0 la location, sur le domaine de l&rsquo;Alpe d&rsquo;Huez, \u00e0 Villard-Reculas, en d\u00e9tail !<\/p>\n<p><\/p>\n<p><div id=\"metaslider-id-115\" style=\"max-width: 600px; margin: 0 auto;\" class=\"ml-slider-3-107-0 metaslider metaslider-flex metaslider-115 ml-slider  .metaslider .caption, .metaslider .cs-title, .metaslider .nivo-caption {     font-size: 0.3em; \/* adjust as necessary *\/ } has-dots-nav ms-theme-default\" role=\"region\" aria-label=\"Appartement\" data-height=\"450\" data-width=\"600\">\n    <div id=\"metaslider_container_115\">\n        <div id=\"metaslider_115\">\n            <ul class='slides'>\n                <li style=\"display: block; width: 100%;\" class=\"slide-120 ms-image \" aria-roledescription=\"slide\" data-date=\"2023-03-02 15:07:57\" data-filename=\"Coin-repas-Copier-1-scaled-600x450.jpg\" data-slide-type=\"image\"><img loading=\"lazy\" decoding=\"async\" src=\"https:\/\/location-alpe-dhuez-villard-reculas.com\/wp-content\/uploads\/2023\/03\/Coin-repas-Copier-1-scaled-600x450.jpg\" height=\"450\" width=\"600\" alt=\"\" class=\"slider-115 slide-120 msDefaultImage\" title=\"Le coin repas - location Alpe d&#039;huez Villard-reculas\" \/><div class=\"caption-wrap\"><div class=\"caption\">Le coin repas. <\/div><\/div><\/li>\n                <li style=\"display: none; width: 100%;\" class=\"slide-122 ms-image \" aria-roledescription=\"slide\" data-date=\"2023-03-02 15:08:12\" data-filename=\"coin-montagne-600x450.jpg\" data-slide-type=\"image\"><img loading=\"lazy\" decoding=\"async\" src=\"https:\/\/location-alpe-dhuez-villard-reculas.com\/wp-content\/uploads\/2023\/03\/coin-montagne-600x450.jpg\" height=\"450\" width=\"600\" alt=\"\" class=\"slider-115 slide-122 msDefaultImage\" title=\"Le coin montagne - location Alpe d&#039;huez Villard-reculas\" \/><div class=\"caption-wrap\"><div class=\"caption\">Le coin montagne.<\/div><\/div><\/li>\n                <li style=\"display: none; width: 100%;\" class=\"slide-118 ms-image \" aria-roledescription=\"slide\" data-date=\"2023-03-02 15:07:46\" data-filename=\"IMG_20221119_185519-scaled-600x450.jpg\" data-slide-type=\"image\"><img loading=\"lazy\" decoding=\"async\" src=\"https:\/\/location-alpe-dhuez-villard-reculas.com\/wp-content\/uploads\/2023\/03\/IMG_20221119_185519-scaled-600x450.jpg\" height=\"450\" width=\"600\" alt=\"L&#039;espace salon \/ canap\u00e9 - location Alpe d&#039;huez Villard-reculas\" class=\"slider-115 slide-118 msDefaultImage\" title=\"L&#039;espace salon \/ canap\u00e9 - location Alpe d&#039;huez Villard-reculas\" \/><div class=\"caption-wrap\"><div class=\"caption\">L'espace salon \/ canap\u00e9.<\/div><\/div><\/li>\n                <li style=\"display: none; width: 100%;\" class=\"slide-121 ms-image \" aria-roledescription=\"slide\" data-date=\"2023-03-02 15:08:08\" data-filename=\"IMG_5601-scaled-600x450.jpg\" data-slide-type=\"image\"><img loading=\"lazy\" decoding=\"async\" src=\"https:\/\/location-alpe-dhuez-villard-reculas.com\/wp-content\/uploads\/2023\/03\/IMG_5601-scaled-600x450.jpg\" height=\"450\" width=\"600\" alt=\"\" class=\"slider-115 slide-121 msDefaultImage\" title=\"La vue depuis le parking de la r\u00e9sidence\" \/><div class=\"caption-wrap\"><div class=\"caption\">Depuis le parking de la r\u00e9sidence.<\/div><\/div><\/li>\n                <li style=\"display: none; width: 100%;\" class=\"slide-119 ms-image \" aria-roledescription=\"slide\" data-date=\"2023-03-02 15:07:51\" data-filename=\"WhatsApp-Image-2022-10-30-a-23.28.36-600x450.jpg\" data-slide-type=\"image\"><img loading=\"lazy\" decoding=\"async\" src=\"https:\/\/location-alpe-dhuez-villard-reculas.com\/wp-content\/uploads\/2023\/03\/WhatsApp-Image-2022-10-30-a-23.28.36-600x450.jpg\" height=\"450\" width=\"600\" alt=\"\" class=\"slider-115 slide-119 msDefaultImage\" title=\"L&#039;entr\u00e9e de l&#039;appartement - location Alpe d&#039;huez Villard-reculas\" \/><div class=\"caption-wrap\"><div class=\"caption\">L'entr\u00e9e de l'appartement.<\/div><\/div><\/li>\n                <li style=\"display: none; width: 100%;\" class=\"slide-194 ms-image \" aria-roledescription=\"slide\" data-date=\"2023-03-02 18:47:57\" data-filename=\"Salle-de-bain-Copier-scaled-600x450.jpg\" data-slide-type=\"image\"><img loading=\"lazy\" decoding=\"async\" src=\"https:\/\/location-alpe-dhuez-villard-reculas.com\/wp-content\/uploads\/2023\/03\/Salle-de-bain-Copier-scaled-600x450.jpg\" height=\"450\" width=\"600\" alt=\"\" class=\"slider-115 slide-194 msDefaultImage\" title=\"La salle de bains ( les WC sont s\u00e9par\u00e9s ! ) location Alpe d&#039;huez Villard-reculas\" \/><div class=\"caption-wrap\"><div class=\"caption\">La salle de bains \/ WC sont s\u00e9par\u00e9s.<\/div><\/div><\/li>\n                <li style=\"display: none; width: 100%;\" class=\"slide-124 ms-image \" aria-roledescription=\"slide\" data-date=\"2023-03-02 15:08:34\" data-filename=\"20230603_150359-scaled-600x450.jpg\" data-slide-type=\"image\"><img loading=\"lazy\" decoding=\"async\" src=\"https:\/\/location-alpe-dhuez-villard-reculas.com\/wp-content\/uploads\/2023\/06\/20230603_150359-scaled-600x450.jpg\" height=\"450\" width=\"600\" alt=\"\" class=\"slider-115 slide-124 msDefaultImage\" title=\"Le balcon - location Alpe d&#039;huez Villard-reculas - vue sur les \u00e9crins et l&#039;Oisans - soleil - chaise longue\" \/><div class=\"caption-wrap\"><div class=\"caption\">Le balcon.<\/div><\/div><\/li>\n                <li style=\"display: none; width: 100%;\" class=\"slide-117 ms-image \" aria-roledescription=\"slide\" data-date=\"2023-03-02 15:06:21\" data-filename=\"IMG_20221105_224644-scaled-600x450.jpg\" data-slide-type=\"image\"><img loading=\"lazy\" decoding=\"async\" src=\"https:\/\/location-alpe-dhuez-villard-reculas.com\/wp-content\/uploads\/2023\/03\/IMG_20221105_224644-scaled-600x450.jpg\" height=\"450\" width=\"600\" alt=\"Le lit escamotable d\u00e9pli\u00e9 - location Alpe d&#039;huez Villard-reculas\" class=\"slider-115 slide-117 msDefaultImage\" title=\"Le lit escamotable d\u00e9pli\u00e9 - literie de qualit\u00e9\" \/><div class=\"caption-wrap\"><div class=\"caption\">Le lit escamotable d\u00e9pli\u00e9.<\/div><\/div><\/li>\n            <\/ul>\n        <\/div>\n        \n    <\/div>\n<\/div>\n<\/p>\n<p><\/p>\n<p class=\"has-text-align-center has-small-font-size\">La liste des \u00e9quipements de l&rsquo;appartement : <\/p>\n<p><\/p>\n<p><\/p>\n<h2 class=\"has-text-align-center has-small-font-size wp-block-heading\"><em>Cuisine<\/em><\/h2>\n<p><\/p>\n<p><\/p>\n<p class=\"has-small-font-size\">\u00c9quipements de cuisine de base, avec vaisselle et couverts (au moins 8 exemplaires de chaque ), des verres \u00e0 vin et \u00e0 bi\u00e8re . La cuisine est \u00e9quip\u00e9e d&rsquo;un four multifonctions (grill et micro-ondes), d&rsquo;un lave-vaisselle 12 couverts, d&rsquo;un ensemble de plaques de cuisson \u00e0 induction, d&rsquo;un r\u00e9frig\u00e9rateur avec compartiment cong\u00e9lateur. Vous y trouverez \u00e9galement une cafeti\u00e8re \u00ab\u00a0classique\u00a0\u00bb \u00e0 filtre ainsi qu&rsquo;une machine expresso \u00ab\u00a0tassimo\u00a0\u00bb, une bouilloire \u00e9lectrique ainsi qu&rsquo;un grille pain.<\/p>\n<p><\/p>\n<p><\/p>\n<h2 class=\"has-text-align-center has-small-font-size wp-block-heading\"><em>Salle de bains<\/em><\/h2>\n<p><\/p>\n<p><\/p>\n<p class=\"has-small-font-size\">Dans la salle de bains, vous trouverez une baignoire, un meuble avec vasque, rangements et miroir. Elle est \u00e9quip\u00e9e d&rsquo;un s\u00e8che cheveux ,d&rsquo;une prise de courant et d&rsquo;un radiateur s\u00e8ches &#8211; serviettes \u00e9lectrique. Les WC sont s\u00e9par\u00e9s.<\/p>\n<p><\/p>\n<p><\/p>\n<h2 class=\"has-text-align-center has-small-font-size wp-block-heading\"><em>Espace de vie<\/em><\/h2>\n<p><\/p>\n<p><\/p>\n<p class=\"has-small-font-size\">Dans l&rsquo;espace de vie, un canap\u00e9 confortable et une table basse vous attendent, ainsi qu&rsquo;une table \u00e0 manger ainsi que 4 chaises. Par ailleurs, vous disposerez d&rsquo;une TV \u00e9cran plat orientable via un bras articul\u00e9 depuis le canap\u00e9 \/ la table \u00e0 manger \/ le lit escamotable. <\/p>\n<p><\/p>\n<p><\/p>\n<h2 class=\"has-text-align-center has-small-font-size wp-block-heading\"><em>Le coin montagne<\/em><\/h2>\n<p><\/p>\n<p><\/p>\n<p class=\"has-small-font-size\">Deux couchages composent le coin montagne, avec literie de qualit\u00e9. De plus, chaque couchage dispose de son \u00e9clairage ainsi que d&rsquo;une prise de courant. Vous y trouverez \u00e9galement un espace de rangement ainsi que de nombreuses pat\u00e8res. Un rideau occultant s\u00e9pare cet espace de la pi\u00e8ce principale.<\/p>\n<p><\/p>\n<p><\/p>\n<h2 class=\"has-text-align-center has-small-font-size wp-block-heading\"><em>Le balcon<\/em> de l&rsquo;appartement<\/h2>\n<p><\/p>\n<p><\/p>\n<p class=\"has-small-font-size\">Le balcon plein sud offre une vue imprenable sur les Ecrins, l&rsquo;Oisans et le Taillefer. Aucun vis \u00e0 vis, aucun \u00e9l\u00e9ment \u00ab\u00a0perturbateur\u00a0\u00bb en vue ; pas de pyl\u00f4ne, ni de remont\u00e9e m\u00e9canique visible ! Juste les alpages et la nature ! Enfin, une prise \u00e9lectrique ainsi qu&rsquo;un \u00e9clairage ext\u00e9rieur LED sont disponibles. <\/p>\n<p><\/p>\n<p><\/p>\n<h2 class=\"has-text-align-center has-small-font-size wp-block-heading\"><em>Autres \/ Divers<\/em><\/h2>\n<p><\/p>\n<p><\/p>\n<p class=\"has-small-font-size\">Chaque ouverture est \u00e9quip\u00e9e d&rsquo;un rideau occultant efficace, la porte fen\u00eatre est \u00e9quip\u00e9e de volets ext\u00e9rieurs. <\/p>\n<p><\/p>\n<p><\/p>\n<p class=\"has-small-font-size\">Chauffage ( au sol et 2 convecteurs \u00e0 inertie + s\u00e8che serviettes dans salle de bains ) <\/p>\n<p><\/p>\n<p><\/p>\n<p class=\"has-small-font-size\">\u00c9tendoir \u00e0 linge<\/p>\n<p><\/p>\n<p><\/p>\n<p class=\"has-small-font-size\">Oreillers et couvertures suppl\u00e9mentaires<\/p>\n<p><\/p>\n<p><\/p>\n<p class=\"has-small-font-size\">Lit pour b\u00e9b\u00e9 sur demande anticip\u00e9e<\/p>\n<p><\/p>\n<p><\/p>\n<p class=\"has-small-font-size\">D\u00e9tecteur de monoxyde de carbone et d\u00e9tecteur de fum\u00e9e<\/p>\n<p><\/p>\n<p><\/p>\n<p class=\"has-small-font-size\">Laverie automatique \u00e0 proximit\u00e9 ( 5 kms ) <\/p>\n<p><\/p>\n<p><\/p>\n<p class=\"has-small-font-size\">Accessible \u00e0 skis \/ Remont\u00e9es m\u00e9caniques \u00e0 150 m<\/p>\n<p><\/p>\n<p><\/p>\n<p class=\"has-small-font-size\">Espace repas en plein air ( espace partag\u00e9 ) dans les alpages ! <\/p>\n<p><\/p>\n<p><\/p>\n<p class=\"has-small-font-size\">Mobilier d&rsquo;ext\u00e9rieur ( chaises longues \/ chaises ) <\/p>\n<p><\/p>\n<p><\/p>\n<p class=\"has-small-font-size\">Parking sur place<\/p>\n<p><\/p>\n<p><\/p>\n<p class=\"has-small-font-size\">Casier \u00e0 skis<\/p>\n<p><\/p>\n<p><\/p>\n<p class=\"has-small-font-size\">S\u00e8che gants \/ S\u00e8che chaussures<\/p>\n<p><\/p>\n<p><\/p>\n<p class=\"has-small-font-size\">Possibilit\u00e9 d&rsquo;espace s\u00e9curis\u00e9 pour \u00ab\u00a0stockage\u00a0\u00bb de vos v\u00e9los, VTT &#8230;<\/p>\n<p><\/p>\n<p><\/p>\n<p class=\"has-small-font-size\">Produits de nettoyage<\/p>\n<p><\/p>\n<p><\/p>\n<p class=\"has-small-font-size\">\n<p><\/p>\n<p><\/p>\n<p><\/p>\n<p><\/p>\n<div class=\"wp-block-buttons is-content-justification-center is-layout-flex wp-container-core-buttons-is-layout-a89b3969 wp-block-buttons-is-layout-flex\"><\/p>\n<div class=\"wp-block-button has-custom-font-size has-small-font-size\"><a class=\"wp-block-button__link wp-element-button\" href=\"https:\/\/location-alpe-dhuez-villard-reculas.com\/index.php\/contact\/\">Pour r\u00e9server votre location \u00e0 villard-reculas sur le domaine de l&rsquo;alpe d&rsquo;huez<\/a><\/div>\n<p><\/div>\n<p><\/p>\n<p><\/p>\n<figure class=\"wp-block-image aligncenter size-full\"><a href=\"https:\/\/www.villard-reculas.com\/villard-reculas\/office-de-tourisme\/\"><img loading=\"lazy\" decoding=\"async\" width=\"235\" height=\"87\" src=\"https:\/\/location-alpe-dhuez-villard-reculas.com\/wp-content\/uploads\/2023\/03\/logo-villard-oisans-e1677784343898.png\" alt=\"Location appartement Alpe d'Huez Villard-Reculas\" class=\"wp-image-316\"\/><\/a><\/figure>\n<p><\/p>\n","protected":false},"excerpt":{"rendered":"<p>L&rsquo;appartement \u00e0 la location, sur le domaine de l&rsquo;Alpe d&rsquo;Huez, \u00e0 Villard-Reculas, en d\u00e9tail ! La liste des \u00e9quipements de l&rsquo;appartement : Cuisine \u00c9quipements de cuisine de base, avec vaisselle et couverts (au moins 8 exemplaires de chaque ), des verres \u00e0 vin et \u00e0 bi\u00e8re . La cuisine est \u00e9quip\u00e9e d&rsquo;un four multifonctions (grill &hellip; <\/p>\n<p class=\"link-more\"><a href=\"https:\/\/location-alpe-dhuez-villard-reculas.com\/index.php\/location-appartement-alpe-dhuez-villard-reulas\/\" class=\"more-link\">Lire la suite de<span class=\"screen-reader-text\">\u00ab\u00a0L&rsquo;appartement\u00a0\u00bb<\/span><\/a><\/p>\n","protected":false},"author":1,"featured_media":0,"parent":0,"menu_order":0,"comment_status":"closed","ping_status":"closed","template":"","meta":{"inspiro_hide_title":false,"_joinchat":[],"footnotes":""},"class_list":["post-24","page","type-page","status-publish","hentry"],"yoast_head":"<!-- This site is optimized with the Yoast SEO plugin v27.3 - https:\/\/yoast.com\/product\/yoast-seo-wordpress\/ -->\n<title>Location Alpe d&#039;Huez Villard-Reculas Appartement ski<\/title>\n<meta name=\"description\" content=\"Location Appartement ski domaine Alpe d&#039;Huez Villard-Reculas confortable et fonctionnel. Vue imprenable sur les montagnes\" \/>\n<meta name=\"robots\" content=\"index, follow, max-snippet:-1, max-image-preview:large, max-video-preview:-1\" \/>\n<link rel=\"canonical\" href=\"https:\/\/location-alpe-dhuez-villard-reculas.com\/index.php\/location-appartement-alpe-dhuez-villard-reulas\/\" \/>\n<meta property=\"og:locale\" content=\"fr_FR\" \/>\n<meta property=\"og:type\" content=\"article\" \/>\n<meta property=\"og:title\" content=\"Location Alpe d&#039;Huez Villard-Reculas Appartement ski\" \/>\n<meta property=\"og:description\" content=\"Location Appartement ski domaine Alpe d&#039;Huez Villard-Reculas confortable et fonctionnel. Vue imprenable sur les montagnes\" \/>\n<meta property=\"og:url\" content=\"https:\/\/location-alpe-dhuez-villard-reculas.com\/index.php\/location-appartement-alpe-dhuez-villard-reulas\/\" \/>\n<meta property=\"og:site_name\" content=\"Location \u00e0 Villard-Reculas Domaine de l&#039;Alpe d&#039;Huez\" \/>\n<meta property=\"article:modified_time\" content=\"2023-05-05T15:13:48+00:00\" \/>\n<meta property=\"og:image\" content=\"https:\/\/location-alpe-dhuez-villard-reculas.com\/wp-content\/uploads\/2023\/03\/Coin-repas-Copier-scaled.jpg\" \/>\n<meta name=\"twitter:card\" content=\"summary_large_image\" \/>\n<meta name=\"twitter:label1\" content=\"Dur\u00e9e de lecture estim\u00e9e\" \/>\n\t<meta name=\"twitter:data1\" content=\"3 minutes\" \/>\n<script type=\"application\/ld+json\" class=\"yoast-schema-graph\">{\"@context\":\"https:\\\/\\\/schema.org\",\"@graph\":[{\"@type\":\"WebPage\",\"@id\":\"https:\\\/\\\/location-alpe-dhuez-villard-reculas.com\\\/index.php\\\/location-appartement-alpe-dhuez-villard-reulas\\\/\",\"url\":\"https:\\\/\\\/location-alpe-dhuez-villard-reculas.com\\\/index.php\\\/location-appartement-alpe-dhuez-villard-reulas\\\/\",\"name\":\"Location Alpe d'Huez Villard-Reculas Appartement ski\",\"isPartOf\":{\"@id\":\"https:\\\/\\\/location-alpe-dhuez-villard-reculas.com\\\/#website\"},\"primaryImageOfPage\":{\"@id\":\"https:\\\/\\\/location-alpe-dhuez-villard-reculas.com\\\/index.php\\\/location-appartement-alpe-dhuez-villard-reulas\\\/#primaryimage\"},\"image\":{\"@id\":\"https:\\\/\\\/location-alpe-dhuez-villard-reculas.com\\\/index.php\\\/location-appartement-alpe-dhuez-villard-reulas\\\/#primaryimage\"},\"thumbnailUrl\":\"https:\\\/\\\/location-alpe-dhuez-villard-reculas.com\\\/wp-content\\\/uploads\\\/2023\\\/03\\\/Coin-repas-Copier-scaled.jpg\",\"datePublished\":\"2023-02-28T16:31:56+00:00\",\"dateModified\":\"2023-05-05T15:13:48+00:00\",\"description\":\"Location Appartement ski domaine Alpe d'Huez Villard-Reculas confortable et fonctionnel. Vue imprenable sur les montagnes\",\"breadcrumb\":{\"@id\":\"https:\\\/\\\/location-alpe-dhuez-villard-reculas.com\\\/index.php\\\/location-appartement-alpe-dhuez-villard-reulas\\\/#breadcrumb\"},\"inLanguage\":\"fr-FR\",\"potentialAction\":[{\"@type\":\"ReadAction\",\"target\":[\"https:\\\/\\\/location-alpe-dhuez-villard-reculas.com\\\/index.php\\\/location-appartement-alpe-dhuez-villard-reulas\\\/\"]}]},{\"@type\":\"ImageObject\",\"inLanguage\":\"fr-FR\",\"@id\":\"https:\\\/\\\/location-alpe-dhuez-villard-reculas.com\\\/index.php\\\/location-appartement-alpe-dhuez-villard-reulas\\\/#primaryimage\",\"url\":\"https:\\\/\\\/location-alpe-dhuez-villard-reculas.com\\\/wp-content\\\/uploads\\\/2023\\\/03\\\/Coin-repas-Copier-scaled.jpg\",\"contentUrl\":\"https:\\\/\\\/location-alpe-dhuez-villard-reculas.com\\\/wp-content\\\/uploads\\\/2023\\\/03\\\/Coin-repas-Copier-scaled.jpg\"},{\"@type\":\"BreadcrumbList\",\"@id\":\"https:\\\/\\\/location-alpe-dhuez-villard-reculas.com\\\/index.php\\\/location-appartement-alpe-dhuez-villard-reulas\\\/#breadcrumb\",\"itemListElement\":[{\"@type\":\"ListItem\",\"position\":1,\"name\":\"Accueil\",\"item\":\"https:\\\/\\\/location-alpe-dhuez-villard-reculas.com\\\/\"},{\"@type\":\"ListItem\",\"position\":2,\"name\":\"L&#8217;appartement\"}]},{\"@type\":\"WebSite\",\"@id\":\"https:\\\/\\\/location-alpe-dhuez-villard-reculas.com\\\/#website\",\"url\":\"https:\\\/\\\/location-alpe-dhuez-villard-reculas.com\\\/\",\"name\":\"Location Domaine de l'Alpe d'huez\",\"description\":\"Appartement chalet alpe d&#039;huez Villard Reculas\",\"publisher\":{\"@id\":\"https:\\\/\\\/location-alpe-dhuez-villard-reculas.com\\\/#organization\"},\"alternateName\":\"Location appartement ski Alpe d'huez\",\"potentialAction\":[{\"@type\":\"SearchAction\",\"target\":{\"@type\":\"EntryPoint\",\"urlTemplate\":\"https:\\\/\\\/location-alpe-dhuez-villard-reculas.com\\\/?s={search_term_string}\"},\"query-input\":{\"@type\":\"PropertyValueSpecification\",\"valueRequired\":true,\"valueName\":\"search_term_string\"}}],\"inLanguage\":\"fr-FR\"},{\"@type\":\"Organization\",\"@id\":\"https:\\\/\\\/location-alpe-dhuez-villard-reculas.com\\\/#organization\",\"name\":\"Location appartement ski montagne Domaine de l'Alpe d'huez\",\"alternateName\":\"vakantie appartement verhuur alpe d'huez\",\"url\":\"https:\\\/\\\/location-alpe-dhuez-villard-reculas.com\\\/\",\"logo\":{\"@type\":\"ImageObject\",\"inLanguage\":\"fr-FR\",\"@id\":\"https:\\\/\\\/location-alpe-dhuez-villard-reculas.com\\\/#\\\/schema\\\/logo\\\/image\\\/\",\"url\":\"https:\\\/\\\/location-alpe-dhuez-villard-reculas.com\\\/wp-content\\\/uploads\\\/2023\\\/03\\\/IMG-20201207-WA0000.jpg\",\"contentUrl\":\"https:\\\/\\\/location-alpe-dhuez-villard-reculas.com\\\/wp-content\\\/uploads\\\/2023\\\/03\\\/IMG-20201207-WA0000.jpg\",\"width\":960,\"height\":924,\"caption\":\"Location appartement ski montagne Domaine de l'Alpe d'huez\"},\"image\":{\"@id\":\"https:\\\/\\\/location-alpe-dhuez-villard-reculas.com\\\/#\\\/schema\\\/logo\\\/image\\\/\"}}]}<\/script>\n<!-- \/ Yoast SEO plugin. -->","yoast_head_json":{"title":"Location Alpe d'Huez Villard-Reculas Appartement ski","description":"Location Appartement ski domaine Alpe d'Huez Villard-Reculas confortable et fonctionnel. Vue imprenable sur les montagnes","robots":{"index":"index","follow":"follow","max-snippet":"max-snippet:-1","max-image-preview":"max-image-preview:large","max-video-preview":"max-video-preview:-1"},"canonical":"https:\/\/location-alpe-dhuez-villard-reculas.com\/index.php\/location-appartement-alpe-dhuez-villard-reulas\/","og_locale":"fr_FR","og_type":"article","og_title":"Location Alpe d'Huez Villard-Reculas Appartement ski","og_description":"Location Appartement ski domaine Alpe d'Huez Villard-Reculas confortable et fonctionnel. Vue imprenable sur les montagnes","og_url":"https:\/\/location-alpe-dhuez-villard-reculas.com\/index.php\/location-appartement-alpe-dhuez-villard-reulas\/","og_site_name":"Location \u00e0 Villard-Reculas Domaine de l&#039;Alpe d&#039;Huez","article_modified_time":"2023-05-05T15:13:48+00:00","og_image":[{"url":"https:\/\/location-alpe-dhuez-villard-reculas.com\/wp-content\/uploads\/2023\/03\/Coin-repas-Copier-scaled.jpg","type":"","width":"","height":""}],"twitter_card":"summary_large_image","twitter_misc":{"Dur\u00e9e de lecture estim\u00e9e":"3 minutes"},"schema":{"@context":"https:\/\/schema.org","@graph":[{"@type":"WebPage","@id":"https:\/\/location-alpe-dhuez-villard-reculas.com\/index.php\/location-appartement-alpe-dhuez-villard-reulas\/","url":"https:\/\/location-alpe-dhuez-villard-reculas.com\/index.php\/location-appartement-alpe-dhuez-villard-reulas\/","name":"Location Alpe d'Huez Villard-Reculas Appartement ski","isPartOf":{"@id":"https:\/\/location-alpe-dhuez-villard-reculas.com\/#website"},"primaryImageOfPage":{"@id":"https:\/\/location-alpe-dhuez-villard-reculas.com\/index.php\/location-appartement-alpe-dhuez-villard-reulas\/#primaryimage"},"image":{"@id":"https:\/\/location-alpe-dhuez-villard-reculas.com\/index.php\/location-appartement-alpe-dhuez-villard-reulas\/#primaryimage"},"thumbnailUrl":"https:\/\/location-alpe-dhuez-villard-reculas.com\/wp-content\/uploads\/2023\/03\/Coin-repas-Copier-scaled.jpg","datePublished":"2023-02-28T16:31:56+00:00","dateModified":"2023-05-05T15:13:48+00:00","description":"Location Appartement ski domaine Alpe d'Huez Villard-Reculas confortable et fonctionnel. Vue imprenable sur les montagnes","breadcrumb":{"@id":"https:\/\/location-alpe-dhuez-villard-reculas.com\/index.php\/location-appartement-alpe-dhuez-villard-reulas\/#breadcrumb"},"inLanguage":"fr-FR","potentialAction":[{"@type":"ReadAction","target":["https:\/\/location-alpe-dhuez-villard-reculas.com\/index.php\/location-appartement-alpe-dhuez-villard-reulas\/"]}]},{"@type":"ImageObject","inLanguage":"fr-FR","@id":"https:\/\/location-alpe-dhuez-villard-reculas.com\/index.php\/location-appartement-alpe-dhuez-villard-reulas\/#primaryimage","url":"https:\/\/location-alpe-dhuez-villard-reculas.com\/wp-content\/uploads\/2023\/03\/Coin-repas-Copier-scaled.jpg","contentUrl":"https:\/\/location-alpe-dhuez-villard-reculas.com\/wp-content\/uploads\/2023\/03\/Coin-repas-Copier-scaled.jpg"},{"@type":"BreadcrumbList","@id":"https:\/\/location-alpe-dhuez-villard-reculas.com\/index.php\/location-appartement-alpe-dhuez-villard-reulas\/#breadcrumb","itemListElement":[{"@type":"ListItem","position":1,"name":"Accueil","item":"https:\/\/location-alpe-dhuez-villard-reculas.com\/"},{"@type":"ListItem","position":2,"name":"L&#8217;appartement"}]},{"@type":"WebSite","@id":"https:\/\/location-alpe-dhuez-villard-reculas.com\/#website","url":"https:\/\/location-alpe-dhuez-villard-reculas.com\/","name":"Location Domaine de l'Alpe d'huez","description":"Appartement chalet alpe d&#039;huez Villard Reculas","publisher":{"@id":"https:\/\/location-alpe-dhuez-villard-reculas.com\/#organization"},"alternateName":"Location appartement ski Alpe d'huez","potentialAction":[{"@type":"SearchAction","target":{"@type":"EntryPoint","urlTemplate":"https:\/\/location-alpe-dhuez-villard-reculas.com\/?s={search_term_string}"},"query-input":{"@type":"PropertyValueSpecification","valueRequired":true,"valueName":"search_term_string"}}],"inLanguage":"fr-FR"},{"@type":"Organization","@id":"https:\/\/location-alpe-dhuez-villard-reculas.com\/#organization","name":"Location appartement ski montagne Domaine de l'Alpe d'huez","alternateName":"vakantie appartement verhuur alpe d'huez","url":"https:\/\/location-alpe-dhuez-villard-reculas.com\/","logo":{"@type":"ImageObject","inLanguage":"fr-FR","@id":"https:\/\/location-alpe-dhuez-villard-reculas.com\/#\/schema\/logo\/image\/","url":"https:\/\/location-alpe-dhuez-villard-reculas.com\/wp-content\/uploads\/2023\/03\/IMG-20201207-WA0000.jpg","contentUrl":"https:\/\/location-alpe-dhuez-villard-reculas.com\/wp-content\/uploads\/2023\/03\/IMG-20201207-WA0000.jpg","width":960,"height":924,"caption":"Location appartement ski montagne Domaine de l'Alpe d'huez"},"image":{"@id":"https:\/\/location-alpe-dhuez-villard-reculas.com\/#\/schema\/logo\/image\/"}}]}},"_links":{"self":[{"href":"https:\/\/location-alpe-dhuez-villard-reculas.com\/index.php\/wp-json\/wp\/v2\/pages\/24","targetHints":{"allow":["GET"]}}],"collection":[{"href":"https:\/\/location-alpe-dhuez-villard-reculas.com\/index.php\/wp-json\/wp\/v2\/pages"}],"about":[{"href":"https:\/\/location-alpe-dhuez-villard-reculas.com\/index.php\/wp-json\/wp\/v2\/types\/page"}],"author":[{"embeddable":true,"href":"https:\/\/location-alpe-dhuez-villard-reculas.com\/index.php\/wp-json\/wp\/v2\/users\/1"}],"replies":[{"embeddable":true,"href":"https:\/\/location-alpe-dhuez-villard-reculas.com\/index.php\/wp-json\/wp\/v2\/comments?post=24"}],"version-history":[{"count":22,"href":"https:\/\/location-alpe-dhuez-villard-reculas.com\/index.php\/wp-json\/wp\/v2\/pages\/24\/revisions"}],"predecessor-version":[{"id":640,"href":"https:\/\/location-alpe-dhuez-villard-reculas.com\/index.php\/wp-json\/wp\/v2\/pages\/24\/revisions\/640"}],"wp:attachment":[{"href":"https:\/\/location-alpe-dhuez-villard-reculas.com\/index.php\/wp-json\/wp\/v2\/media?parent=24"}],"curies":[{"name":"wp","href":"https:\/\/api.w.org\/{rel}","templated":true}]}}