{"id":1735,"date":"2024-11-06T18:42:06","date_gmt":"2024-11-06T17:42:06","guid":{"rendered":"https:\/\/location-alpe-dhuez-villard-reculas.com\/?page_id=1735"},"modified":"2026-01-30T11:36:03","modified_gmt":"2026-01-30T10:36:03","slug":"accomodation-rental-villard-reculas-alpe-dhuez","status":"publish","type":"page","link":"https:\/\/location-alpe-dhuez-villard-reculas.com\/index.php\/accomodation-rental-villard-reculas-alpe-dhuez\/","title":{"rendered":"Welcome !"},"content":{"rendered":"<p><\/p>\n<div class=\"wp-block-cover alignfull has-parallax is-position-center-center\" style=\"min-height:375px;aspect-ratio:unset;\">\n<div class=\"wp-block-cover__image-background wp-image-43 has-parallax\" style=\"background-position:50% 50%;background-image:url(https:\/\/location-alpe-dhuez-villard-reculas-com.preview-domain.com\/wp-content\/uploads\/2023\/02\/20221119_093803-scaled.jpg)\"><\/div>\n<p><span aria-hidden=\"true\" class=\"wp-block-cover__background has-background-dim-60 has-background-dim\"><\/span><\/p>\n<div class=\"wp-block-cover__inner-container is-layout-flow wp-block-cover-is-layout-flow\"><\/p>\n<p class=\"has-text-align-center\">\n<p><\/p>\n<p><\/p>\n<p class=\"has-text-align-center has-text-color has-medium-font-size\" style=\"color:#fffffa;line-height:1.1\">Your holiday accomodation rental Villard Reculas Alpe d&rsquo;Huez, winter or summer, in the heart of the mountain pastures, in one of the only preserved and authentic villages of the Oisans, on the large Alpe d&rsquo;Huez area.<\/p>\n<p><\/p>\n<p><\/p>\n<p class=\"has-text-align-center has-white-color has-text-color has-small-font-size\">The best of both worlds in winter and summer: the calm on site and the activity of a lively resort in the immediate vicinity!<\/p>\n<p><\/p>\n<p><\/p>\n<p class=\"has-text-align-center\">Book your stay now for the winter season 2025\/2026 and benefit from preferential rates!<\/p>\n<p><\/p>\n<p><\/p>\n<h2 class=\"wp-block-heading has-text-align-center\"><em>Winter AND Summer&#8230;<\/em><\/h2>\n<p><\/p>\n<p><\/p>\n<p class=\"has-text-align-center has-white-color has-text-color has-small-font-size\">Of course, in winter, with an area \u00ab\u00a0Alpe d&rsquo;Huez &#8211; grand domaine\u00a0\u00bb among the most famous in the Alps. 300 days of sunshine a year! In addition, a fabulous panorama awaits you at 3330m at the Pic Blanc. It is also the Sarenne slope, the longest in the world with 16 km of fun! The area has 132 slopes, for a total of 251 km!<\/p>\n<p><\/p>\n<p><\/p>\n<p>Still Available : Tommorowland Winter 2026 accomodation rental villard reculas alpe d&rsquo;Huez<\/p>\n<p><\/p>\n<p><\/p>\n<p class=\"has-text-align-center has-white-color has-text-color has-small-font-size\">Next, let&rsquo;s talk about the Nordic ski area, on the plateau of the lakes, with 50 km of slopes.<\/p>\n<p><\/p>\n<p><\/p>\n<p class=\"has-text-align-center has-white-color has-text-color has-small-font-size\">The activities are innumerable: first planes \/ helicopters, snowshoeing, hiking, dog sledding, sledding, ice skating, indoor and outdoor swimming pool&#8230;.<\/p>\n<p><\/p>\n<p><\/p>\n<h2 class=\"wp-block-heading has-text-align-center\"><em>The \u00ab\u00a0temple\u00a0\u00bb of cycling&#8230;<\/em><\/h2>\n<p><\/p>\n<p><\/p>\n<p class=\"has-text-align-center has-white-color has-text-color has-small-font-size\">An unmissable event for cyclists, Alpe d&rsquo;Huez is also the mythical finish of the Tour de France cycling race and cyclosportives such as \u00ab\u00a0La Marmotte\u00a0\u00bb. A cycling region par excellence with the great names such as the Col du Galibier, the Col du T\u00e9l\u00e9graphe, the Col de la Croix de Fer, the Col du Gandon, the Col du Lautaret, Montgen\u00e8vre, Col du Luitel&#8230;, Oisans awaits you!<\/p>\n<p><\/p>\n<p><\/p>\n<h2 class=\"wp-block-heading has-text-align-center\"><em>All sports&#8230;<\/em><\/h2>\n<p><\/p>\n<p><\/p>\n<p class=\"has-text-align-center has-white-color has-text-color has-small-font-size\">The Alpe d&rsquo;Huez triathlon, the \u00ab\u00a0M\u00e9gavalanche\u00a0\u00bb, the summer and winter trails will delight the sportsmen! Mountaineering and hiking in the massifs of Etandard, Ecrins, Cerces and Belledonne are also yours. The Emparis plateau will offer you its wonderful balcony over the Ecrins. <\/p>\n<p><\/p>\n<p><\/p>\n<h2 class=\"wp-block-heading has-text-align-center\"><em>For  the whole family&#8230;<\/em><\/h2>\n<p><\/p>\n<p><\/p>\n<p class=\"has-text-align-center has-white-color has-text-color has-small-font-size\">For the family, a wealth of activities are offered by the Alpe d&rsquo;Huez and Villard-Reculas tourist offices. You can find the details by clicking on the links below! The swimming pool, spa and ice rink in Alpe d&rsquo;Huez are accessible without limit with the \u00ab\u00a0premium summer\u00a0\u00bb card<\/p>\n<p><\/p>\n<p><\/p>\n<p class=\"has-text-align-center has-white-color has-text-color has-small-font-size\">Comfortable and functional holiday accommodation (classified 3 stars by approved organization), refurbished, with fantastic south-facing view of the Oisans, in the heart of the mountain pastures and nature.<\/p>\n<p><\/p>\n<p><\/p>\n<div style=\"height:39px\" aria-hidden=\"true\" class=\"wp-block-spacer\"><\/div>\n<p><\/p>\n<p><\/p>\n<div class=\"wp-block-buttons is-horizontal is-content-justification-center is-layout-flex wp-container-core-buttons-is-layout-03627597 wp-block-buttons-is-layout-flex\"><\/p>\n<div class=\"wp-block-button is-style-outline is-style-outline--1\"><a class=\"wp-block-button__link has-white-color has-text-color has-custom-font-size wp-element-button\" href=\"mailto:renseignements@location-alpe-dhuez-villard-reculas.com\" style=\"font-size:11px\">Contact us by email here<\/a><\/div>\n<p><\/p>\n<p><\/p>\n<div class=\"wp-block-button is-style-outline is-style-outline--2\"><a class=\"wp-block-button__link has-white-color has-text-color has-custom-font-size wp-element-button\" href=\"https:\/\/location-alpe-dhuez-villard-reculas.com\/index.php\/contact\/\" style=\"font-size:11px\">Contact us via the form here<\/a><\/div>\n<p><\/p>\n<p><\/p>\n<div class=\"wp-block-button is-style-outline is-style-outline--3\"><a class=\"wp-block-button__link has-white-color has-text-color has-custom-font-size wp-element-button\" href=\"https:\/\/location-alpe-dhuez-villard-reculas.com\/index.php\/plan-du-site\/\" style=\"font-size:11px\">sitemap<\/a><\/div>\n<p><\/div>\n<p><\/div>\n<\/div>\n<p><\/p>\n<p><\/p>\n<hr class=\"wp-block-separator has-alpha-channel-opacity is-style-wide\"\/>\n<\/p>\n<p><\/p>\n<figure class=\"wp-block-gallery has-nested-images columns-default wp-block-gallery-4 is-layout-flex wp-block-gallery-is-layout-flex\"><\/p>\n<figure class=\"wp-block-image size-full\"><a href=\"https:\/\/www.villard-reculas.com\/\"><img loading=\"lazy\" decoding=\"async\" width=\"235\" height=\"87\" data-id=\"316\" src=\"https:\/\/location-alpe-dhuez-villard-reculas.com\/wp-content\/uploads\/2023\/03\/logo-villard-oisans-e1677784343898.png\" alt=\"Office de tourisme de Villard-Reculas\nlocation appartement ski alpe d'huez\" class=\"wp-image-316\"\/><\/a><\/figure>\n<p><\/p>\n<p><\/p>\n<figure class=\"wp-block-image size-full\"><a href=\"https:\/\/www.alpedhuez.com\/fr\"><img loading=\"lazy\" decoding=\"async\" width=\"257\" height=\"78\" data-id=\"314\" src=\"https:\/\/location-alpe-dhuez-villard-reculas.com\/wp-content\/uploads\/2023\/03\/logo-alpe-huez-e1677784335113.png\" alt=\"Office de tourisme de l'Alpe d'Huez\nlocation appartement ski alpe d'huez\" class=\"wp-image-314\"\/><\/a><\/figure>\n<p><\/p>\n<p><\/p>\n<figure class=\"wp-block-image size-full\"><a href=\"https:\/\/www.oisans.com\/\"><img loading=\"lazy\" decoding=\"async\" width=\"257\" height=\"92\" data-id=\"315\" src=\"https:\/\/location-alpe-dhuez-villard-reculas.com\/wp-content\/uploads\/2023\/03\/logo-oisans-1.png\" alt=\"Office de tourisme de l'Oisans\nlocation appartement ski alpe d'huez\n\" class=\"wp-image-315\"\/><\/a><\/figure>\n<p><figcaption class=\"blocks-gallery-caption wp-element-caption\">The websites of the municipalities and the community of municipalities<\/figcaption><\/figure>\n<p><\/p>\n<p><\/p>\n<p><\/p>\n<p><\/p>\n<p><\/p>\n","protected":false},"excerpt":{"rendered":"","protected":false},"author":1,"featured_media":0,"parent":0,"menu_order":0,"comment_status":"closed","ping_status":"closed","template":"","meta":{"inspiro_hide_title":false,"_joinchat":[],"footnotes":""},"class_list":["post-1735","page","type-page","status-publish","hentry"],"yoast_head":"<!-- This site is optimized with the Yoast SEO plugin v27.3 - https:\/\/yoast.com\/product\/yoast-seo-wordpress\/ -->\n<title>accomodation rental villard reculas alpe d&#039;Huez<\/title>\n<meta name=\"description\" content=\"accomodation rental alpe d&#039;Huez for your next holiday in Villard Reculas in the Alpe d&#039;Huez area! Grandiose skiing and the mountains !\" \/>\n<meta name=\"robots\" content=\"index, follow, max-snippet:-1, max-image-preview:large, max-video-preview:-1\" \/>\n<link rel=\"canonical\" href=\"https:\/\/location-alpe-dhuez-villard-reculas.com\/index.php\/accomodation-rental-villard-reculas-alpe-dhuez\/\" \/>\n<meta property=\"og:locale\" content=\"fr_FR\" \/>\n<meta property=\"og:type\" content=\"article\" \/>\n<meta property=\"og:title\" content=\"accomodation rental villard reculas alpe d&#039;Huez\" \/>\n<meta property=\"og:description\" content=\"accomodation rental alpe d&#039;Huez for your next holiday in Villard Reculas in the Alpe d&#039;Huez area! Grandiose skiing and the mountains !\" \/>\n<meta property=\"og:url\" content=\"https:\/\/location-alpe-dhuez-villard-reculas.com\/index.php\/accomodation-rental-villard-reculas-alpe-dhuez\/\" \/>\n<meta property=\"og:site_name\" content=\"Location \u00e0 Villard-Reculas Domaine de l&#039;Alpe d&#039;Huez\" \/>\n<meta property=\"article:modified_time\" content=\"2026-01-30T10:36:03+00:00\" \/>\n<meta property=\"og:image\" content=\"https:\/\/location-alpe-dhuez-villard-reculas.com\/wp-content\/uploads\/2023\/03\/logo-villard-oisans-e1677784343898.png\" \/>\n\t<meta property=\"og:image:width\" content=\"235\" \/>\n\t<meta property=\"og:image:height\" content=\"87\" \/>\n\t<meta property=\"og:image:type\" content=\"image\/png\" \/>\n<meta name=\"twitter:card\" content=\"summary_large_image\" \/>\n<meta name=\"twitter:label1\" content=\"Dur\u00e9e de lecture estim\u00e9e\" \/>\n\t<meta name=\"twitter:data1\" content=\"3 minutes\" \/>\n<script type=\"application\/ld+json\" class=\"yoast-schema-graph\">{\"@context\":\"https:\\\/\\\/schema.org\",\"@graph\":[{\"@type\":\"WebPage\",\"@id\":\"https:\\\/\\\/location-alpe-dhuez-villard-reculas.com\\\/index.php\\\/accomodation-rental-villard-reculas-alpe-dhuez\\\/\",\"url\":\"https:\\\/\\\/location-alpe-dhuez-villard-reculas.com\\\/index.php\\\/accomodation-rental-villard-reculas-alpe-dhuez\\\/\",\"name\":\"accomodation rental villard reculas alpe d'Huez\",\"isPartOf\":{\"@id\":\"https:\\\/\\\/location-alpe-dhuez-villard-reculas.com\\\/#website\"},\"primaryImageOfPage\":{\"@id\":\"https:\\\/\\\/location-alpe-dhuez-villard-reculas.com\\\/index.php\\\/accomodation-rental-villard-reculas-alpe-dhuez\\\/#primaryimage\"},\"image\":{\"@id\":\"https:\\\/\\\/location-alpe-dhuez-villard-reculas.com\\\/index.php\\\/accomodation-rental-villard-reculas-alpe-dhuez\\\/#primaryimage\"},\"thumbnailUrl\":\"https:\\\/\\\/location-alpe-dhuez-villard-reculas.com\\\/wp-content\\\/uploads\\\/2023\\\/03\\\/logo-villard-oisans-e1677784343898.png\",\"datePublished\":\"2024-11-06T17:42:06+00:00\",\"dateModified\":\"2026-01-30T10:36:03+00:00\",\"description\":\"accomodation rental alpe d'Huez for your next holiday in Villard Reculas in the Alpe d'Huez area! Grandiose skiing and the mountains !\",\"breadcrumb\":{\"@id\":\"https:\\\/\\\/location-alpe-dhuez-villard-reculas.com\\\/index.php\\\/accomodation-rental-villard-reculas-alpe-dhuez\\\/#breadcrumb\"},\"inLanguage\":\"fr-FR\",\"potentialAction\":[{\"@type\":\"ReadAction\",\"target\":[\"https:\\\/\\\/location-alpe-dhuez-villard-reculas.com\\\/index.php\\\/accomodation-rental-villard-reculas-alpe-dhuez\\\/\"]}]},{\"@type\":\"ImageObject\",\"inLanguage\":\"fr-FR\",\"@id\":\"https:\\\/\\\/location-alpe-dhuez-villard-reculas.com\\\/index.php\\\/accomodation-rental-villard-reculas-alpe-dhuez\\\/#primaryimage\",\"url\":\"https:\\\/\\\/location-alpe-dhuez-villard-reculas.com\\\/wp-content\\\/uploads\\\/2023\\\/03\\\/logo-villard-oisans-e1677784343898.png\",\"contentUrl\":\"https:\\\/\\\/location-alpe-dhuez-villard-reculas.com\\\/wp-content\\\/uploads\\\/2023\\\/03\\\/logo-villard-oisans-e1677784343898.png\"},{\"@type\":\"BreadcrumbList\",\"@id\":\"https:\\\/\\\/location-alpe-dhuez-villard-reculas.com\\\/index.php\\\/accomodation-rental-villard-reculas-alpe-dhuez\\\/#breadcrumb\",\"itemListElement\":[{\"@type\":\"ListItem\",\"position\":1,\"name\":\"Accueil\",\"item\":\"https:\\\/\\\/location-alpe-dhuez-villard-reculas.com\\\/\"},{\"@type\":\"ListItem\",\"position\":2,\"name\":\"Welcome !\"}]},{\"@type\":\"WebSite\",\"@id\":\"https:\\\/\\\/location-alpe-dhuez-villard-reculas.com\\\/#website\",\"url\":\"https:\\\/\\\/location-alpe-dhuez-villard-reculas.com\\\/\",\"name\":\"Location Domaine de l'Alpe d'huez\",\"description\":\"Appartement chalet alpe d&#039;huez Villard Reculas\",\"publisher\":{\"@id\":\"https:\\\/\\\/location-alpe-dhuez-villard-reculas.com\\\/#organization\"},\"alternateName\":\"Location appartement ski Alpe d'huez\",\"potentialAction\":[{\"@type\":\"SearchAction\",\"target\":{\"@type\":\"EntryPoint\",\"urlTemplate\":\"https:\\\/\\\/location-alpe-dhuez-villard-reculas.com\\\/?s={search_term_string}\"},\"query-input\":{\"@type\":\"PropertyValueSpecification\",\"valueRequired\":true,\"valueName\":\"search_term_string\"}}],\"inLanguage\":\"fr-FR\"},{\"@type\":\"Organization\",\"@id\":\"https:\\\/\\\/location-alpe-dhuez-villard-reculas.com\\\/#organization\",\"name\":\"Location appartement ski montagne Domaine de l'Alpe d'huez\",\"alternateName\":\"vakantie appartement verhuur alpe d'huez\",\"url\":\"https:\\\/\\\/location-alpe-dhuez-villard-reculas.com\\\/\",\"logo\":{\"@type\":\"ImageObject\",\"inLanguage\":\"fr-FR\",\"@id\":\"https:\\\/\\\/location-alpe-dhuez-villard-reculas.com\\\/#\\\/schema\\\/logo\\\/image\\\/\",\"url\":\"https:\\\/\\\/location-alpe-dhuez-villard-reculas.com\\\/wp-content\\\/uploads\\\/2023\\\/03\\\/IMG-20201207-WA0000.jpg\",\"contentUrl\":\"https:\\\/\\\/location-alpe-dhuez-villard-reculas.com\\\/wp-content\\\/uploads\\\/2023\\\/03\\\/IMG-20201207-WA0000.jpg\",\"width\":960,\"height\":924,\"caption\":\"Location appartement ski montagne Domaine de l'Alpe d'huez\"},\"image\":{\"@id\":\"https:\\\/\\\/location-alpe-dhuez-villard-reculas.com\\\/#\\\/schema\\\/logo\\\/image\\\/\"}}]}<\/script>\n<!-- \/ Yoast SEO plugin. -->","yoast_head_json":{"title":"accomodation rental villard reculas alpe d'Huez","description":"accomodation rental alpe d'Huez for your next holiday in Villard Reculas in the Alpe d'Huez area! Grandiose skiing and the mountains !","robots":{"index":"index","follow":"follow","max-snippet":"max-snippet:-1","max-image-preview":"max-image-preview:large","max-video-preview":"max-video-preview:-1"},"canonical":"https:\/\/location-alpe-dhuez-villard-reculas.com\/index.php\/accomodation-rental-villard-reculas-alpe-dhuez\/","og_locale":"fr_FR","og_type":"article","og_title":"accomodation rental villard reculas alpe d'Huez","og_description":"accomodation rental alpe d'Huez for your next holiday in Villard Reculas in the Alpe d'Huez area! Grandiose skiing and the mountains !","og_url":"https:\/\/location-alpe-dhuez-villard-reculas.com\/index.php\/accomodation-rental-villard-reculas-alpe-dhuez\/","og_site_name":"Location \u00e0 Villard-Reculas Domaine de l&#039;Alpe d&#039;Huez","article_modified_time":"2026-01-30T10:36:03+00:00","og_image":[{"width":235,"height":87,"url":"https:\/\/location-alpe-dhuez-villard-reculas.com\/wp-content\/uploads\/2023\/03\/logo-villard-oisans-e1677784343898.png","type":"image\/png"}],"twitter_card":"summary_large_image","twitter_misc":{"Dur\u00e9e de lecture estim\u00e9e":"3 minutes"},"schema":{"@context":"https:\/\/schema.org","@graph":[{"@type":"WebPage","@id":"https:\/\/location-alpe-dhuez-villard-reculas.com\/index.php\/accomodation-rental-villard-reculas-alpe-dhuez\/","url":"https:\/\/location-alpe-dhuez-villard-reculas.com\/index.php\/accomodation-rental-villard-reculas-alpe-dhuez\/","name":"accomodation rental villard reculas alpe d'Huez","isPartOf":{"@id":"https:\/\/location-alpe-dhuez-villard-reculas.com\/#website"},"primaryImageOfPage":{"@id":"https:\/\/location-alpe-dhuez-villard-reculas.com\/index.php\/accomodation-rental-villard-reculas-alpe-dhuez\/#primaryimage"},"image":{"@id":"https:\/\/location-alpe-dhuez-villard-reculas.com\/index.php\/accomodation-rental-villard-reculas-alpe-dhuez\/#primaryimage"},"thumbnailUrl":"https:\/\/location-alpe-dhuez-villard-reculas.com\/wp-content\/uploads\/2023\/03\/logo-villard-oisans-e1677784343898.png","datePublished":"2024-11-06T17:42:06+00:00","dateModified":"2026-01-30T10:36:03+00:00","description":"accomodation rental alpe d'Huez for your next holiday in Villard Reculas in the Alpe d'Huez area! Grandiose skiing and the mountains !","breadcrumb":{"@id":"https:\/\/location-alpe-dhuez-villard-reculas.com\/index.php\/accomodation-rental-villard-reculas-alpe-dhuez\/#breadcrumb"},"inLanguage":"fr-FR","potentialAction":[{"@type":"ReadAction","target":["https:\/\/location-alpe-dhuez-villard-reculas.com\/index.php\/accomodation-rental-villard-reculas-alpe-dhuez\/"]}]},{"@type":"ImageObject","inLanguage":"fr-FR","@id":"https:\/\/location-alpe-dhuez-villard-reculas.com\/index.php\/accomodation-rental-villard-reculas-alpe-dhuez\/#primaryimage","url":"https:\/\/location-alpe-dhuez-villard-reculas.com\/wp-content\/uploads\/2023\/03\/logo-villard-oisans-e1677784343898.png","contentUrl":"https:\/\/location-alpe-dhuez-villard-reculas.com\/wp-content\/uploads\/2023\/03\/logo-villard-oisans-e1677784343898.png"},{"@type":"BreadcrumbList","@id":"https:\/\/location-alpe-dhuez-villard-reculas.com\/index.php\/accomodation-rental-villard-reculas-alpe-dhuez\/#breadcrumb","itemListElement":[{"@type":"ListItem","position":1,"name":"Accueil","item":"https:\/\/location-alpe-dhuez-villard-reculas.com\/"},{"@type":"ListItem","position":2,"name":"Welcome !"}]},{"@type":"WebSite","@id":"https:\/\/location-alpe-dhuez-villard-reculas.com\/#website","url":"https:\/\/location-alpe-dhuez-villard-reculas.com\/","name":"Location Domaine de l'Alpe d'huez","description":"Appartement chalet alpe d&#039;huez Villard Reculas","publisher":{"@id":"https:\/\/location-alpe-dhuez-villard-reculas.com\/#organization"},"alternateName":"Location appartement ski Alpe d'huez","potentialAction":[{"@type":"SearchAction","target":{"@type":"EntryPoint","urlTemplate":"https:\/\/location-alpe-dhuez-villard-reculas.com\/?s={search_term_string}"},"query-input":{"@type":"PropertyValueSpecification","valueRequired":true,"valueName":"search_term_string"}}],"inLanguage":"fr-FR"},{"@type":"Organization","@id":"https:\/\/location-alpe-dhuez-villard-reculas.com\/#organization","name":"Location appartement ski montagne Domaine de l'Alpe d'huez","alternateName":"vakantie appartement verhuur alpe d'huez","url":"https:\/\/location-alpe-dhuez-villard-reculas.com\/","logo":{"@type":"ImageObject","inLanguage":"fr-FR","@id":"https:\/\/location-alpe-dhuez-villard-reculas.com\/#\/schema\/logo\/image\/","url":"https:\/\/location-alpe-dhuez-villard-reculas.com\/wp-content\/uploads\/2023\/03\/IMG-20201207-WA0000.jpg","contentUrl":"https:\/\/location-alpe-dhuez-villard-reculas.com\/wp-content\/uploads\/2023\/03\/IMG-20201207-WA0000.jpg","width":960,"height":924,"caption":"Location appartement ski montagne Domaine de l'Alpe d'huez"},"image":{"@id":"https:\/\/location-alpe-dhuez-villard-reculas.com\/#\/schema\/logo\/image\/"}}]}},"_links":{"self":[{"href":"https:\/\/location-alpe-dhuez-villard-reculas.com\/index.php\/wp-json\/wp\/v2\/pages\/1735","targetHints":{"allow":["GET"]}}],"collection":[{"href":"https:\/\/location-alpe-dhuez-villard-reculas.com\/index.php\/wp-json\/wp\/v2\/pages"}],"about":[{"href":"https:\/\/location-alpe-dhuez-villard-reculas.com\/index.php\/wp-json\/wp\/v2\/types\/page"}],"author":[{"embeddable":true,"href":"https:\/\/location-alpe-dhuez-villard-reculas.com\/index.php\/wp-json\/wp\/v2\/users\/1"}],"replies":[{"embeddable":true,"href":"https:\/\/location-alpe-dhuez-villard-reculas.com\/index.php\/wp-json\/wp\/v2\/comments?post=1735"}],"version-history":[{"count":4,"href":"https:\/\/location-alpe-dhuez-villard-reculas.com\/index.php\/wp-json\/wp\/v2\/pages\/1735\/revisions"}],"predecessor-version":[{"id":1769,"href":"https:\/\/location-alpe-dhuez-villard-reculas.com\/index.php\/wp-json\/wp\/v2\/pages\/1735\/revisions\/1769"}],"wp:attachment":[{"href":"https:\/\/location-alpe-dhuez-villard-reculas.com\/index.php\/wp-json\/wp\/v2\/media?parent=1735"}],"curies":[{"name":"wp","href":"https:\/\/api.w.org\/{rel}","templated":true}]}}