{"id":1686,"date":"2024-02-03T20:04:44","date_gmt":"2024-02-03T19:04:44","guid":{"rendered":"https:\/\/location-alpe-dhuez-villard-reculas.com\/index.php\/wpbc-booking\/"},"modified":"2024-11-06T18:19:56","modified_gmt":"2024-11-06T17:19:56","slug":"wpbc-booking","status":"publish","type":"page","link":"https:\/\/location-alpe-dhuez-villard-reculas.com\/index.php\/wpbc-booking\/","title":{"rendered":"Formulaire de r\u00e9servation"},"content":{"rendered":" <div id=\"form_id261123869244\" class=\"wpbc_container wpbc_form wpbc_container_booking_form \" ><form id=\"booking_form1\" class=\"booking_form vertical\" method=\"post\" action=\"\"><div id=\"ajax_respond_insert1\" class=\"ajax_respond_insert\" style=\"display:none;\"><\/div><a name=\"bklnk1\" id=\"bklnk1\"><\/a><div id=\"booking_form_div1\" class=\"booking_form_div\"><style type=\"text\/css\">.wpbc_container_booking_form .block_hints, .wpbc_booking_form_simple.wpbc_form_center .wpbc__form__div .wpbc__row.wpbc_r_calendar, .wpbc_booking_form_simple .wpbc__form__div .wpbc__row:not(.wpbc_r_calendar){max-width:440px;} <\/style>\n<div class=\"wpbc_booking_form_simple \">\n<div class=\"wpbc__form__div\">\n\t\t\t<div class=\"wpbc_r_calendar wpbc__row\">\n\t\t\t\t<div class=\"wpbc_r_calendar wpbc__field\"> <label><\/label><br><div class=\"wpbc_calendar_wraper wpbc_change_over_triangle wpbc_calendar_skin_legacy\"><div class=\"wpbc_cal_container bk_calendar_frame wpbc_no_custom_width  months_num_in_row_ cal_month_num_1 wpbc_timeslot_day_bg_as_available\" style=\"\"><div id=\"calendar_booking1\"  class=\"wpbc_calendar_id_1\" >\t<div class=\"calendar_loader_frame calendar_loader_frame1\"\r\n\t\tdata-wpbc-rid=\"1\"\r\n\t\tdata-wpbc-grace=\"8000\"\r\n\t\tstyle=\"--wpbc-loader-cols: 1;\"\r\n\t>\r\n\t\t<div class=\"calendar_loader_text\">Loading...<\/div>\r\n\t\t<div class=\"calendar_loader_frame__progress_line_container\">\r\n\t\t\t<div class=\"calendar_loader_frame__progress_line\"><\/div>\r\n\t\t<\/div>\r\n\t<\/div>\r\n\t<\/div><\/div><div style=\"font-size:7px;text-align:left;margin:0 0 10px;text-shadow: none;\">Powered by <a href=\"https:\/\/wpbookingcalendar.com\" style=\"font-size:7px;\" target=\"_blank\" title=\"Booking Calendar plugin for WordPress\">Booking Calendar<\/a><\/div><textarea id=\"date_booking1\" name=\"date_booking1\" autocomplete=\"off\" style=\"display:none;\"><\/textarea><\/div> <\/div>\n\t\t\t<\/div>\n\t\t\t<div class=\"wpbc__row\">\n\t\t\t\t<div class=\"wpbc_r_name wpbc__field\"> <label>First Name*<\/label><br><span class=\"wpbc_wrap_text wpdev-form-control-wrap name1\"><input type=\"text\" name=\"name1\" value=\"\" autocomplete=\"name\" class=\"wpdev-validates-as-required\" size=\"40\" \/><\/span> <\/div>\n\t\t\t<\/div>\n\t\t\t<div class=\"wpbc__row\">\n\t\t\t\t<div class=\"wpbc_r_secondname wpbc__field\"> <label>Last Name*<\/label><br><span class=\"wpbc_wrap_text wpdev-form-control-wrap secondname1\"><input type=\"text\" name=\"secondname1\" value=\"\" autocomplete=\"secondname\" class=\"wpdev-validates-as-required\" size=\"40\" \/><\/span> <\/div>\n\t\t\t<\/div>\n\t\t\t<div class=\"wpbc__row\">\n\t\t\t\t<div class=\"wpbc_r_email wpbc__field\"> <label>Email*<\/label><br><span class=\"wpbc_wrap_text wpdev-form-control-wrap email1\"><input type=\"email\" name=\"email1\" value=\"\" autocomplete=\"email\" class=\"wpdev-validates-as-email wpdev-validates-as-required\" size=\"40\" \/><\/span> <\/div>\n\t\t\t<\/div>\n\t\t\t<div class=\"wpbc__row\">\n\t\t\t\t<div class=\"wpbc_r_phone wpbc__field\"> <label>Phone<\/label><br><span class=\"wpbc_wrap_text wpdev-form-control-wrap phone1\"><input type=\"text\" name=\"phone1\" value=\"\" autocomplete=\"phone\" size=\"40\" \/><\/span> <\/div>\n\t\t\t<\/div>\n\t\t\t<div class=\"wpbc__row\">\n\t\t\t\t<div class=\"wpbc_r_details wpbc__field\"> <label>Details<\/label><br><span class=\"wpbc_wrap_textarea wpdev-form-control-wrap details1\"><textarea name=\"details1\" autocomplete=\"details\"><\/textarea><\/span> <\/div>\n\t\t\t<\/div>\n\t\t\t<div class=\"wpbc__row\">\n\t\t\t\t<div class=\"wpbc_r_captcha wpbc__field\"> <label><\/label><br><span class=\"wpbc_text_captcha_container wpdev-form-control-wrap \"><input  autocomplete=\"off\" type=\"hidden\" name=\"wpdev_captcha_challenge_1\"  id=\"wpdev_captcha_challenge_1\" value=\"642609458\" \/><input  autocomplete=\"off\" type=\"text\" class=\"captachinput\" value=\"\" name=\"captcha_input1\" id=\"captcha_input1\" \/><img decoding=\"async\" class=\"captcha_img\"  id=\"captcha_img1\" alt=\"To show CAPTCHA, please deactivate cache plugin or exclude this page from caching or disable CAPTCHA at WP Booking Calendar - Settings General page in Form Options section.\" src=\"https:\/\/location-alpe-dhuez-villard-reculas.com\/wp-content\/plugins\/booking\/js\/captcha\/tmp\/642609458.png\" \/><\/span> <\/div>\n\t\t\t<\/div>\n\t\t\t<div class=\"wpbc__row\">\n\t\t\t\t<div class=\"wpbc_r_submit wpbc__field\"><input type=\"button\" value=\"Envoyer\" class=\"wpbc_button_light  btn btn\" onclick=\"wpbc_booking_form_submit(this.form,1, 'fr_FR');\" \/> <\/div>\n\t\t\t<\/div>\n<\/div>\n<\/div><input id=\"bk_type1\" name=\"bk_type1\" class=\"\" type=\"hidden\" value=\"1\" \/><\/div><div id=\"submiting1\"><\/div><div class=\"form_bk_messages\" id=\"form_bk_messages1\" ><\/div><input type=\"hidden\" id=\"wpbc_nonceCALCULATE_THE_COST1\" name=\"wpbc_nonceCALCULATE_THE_COST1\" value=\"a8c425470f\" \/><input type=\"hidden\" name=\"_wp_http_referer\" value=\"\/index.php\/wp-json\/wp\/v2\/pages\/1686\" \/><\/form><\/div><div id=\"booking_form_garbage1\" class=\"booking_form_garbage\"><\/div> \n","protected":false},"excerpt":{"rendered":"","protected":false},"author":1,"featured_media":0,"parent":0,"menu_order":0,"comment_status":"closed","ping_status":"closed","template":"","meta":{"inspiro_hide_title":false,"_joinchat":[],"footnotes":""},"class_list":["post-1686","page","type-page","status-publish","hentry"],"yoast_head":"<!-- This site is optimized with the Yoast SEO plugin v27.3 - https:\/\/yoast.com\/product\/yoast-seo-wordpress\/ -->\n<title>Formulaire de r\u00e9servation - Location \u00e0 Villard-Reculas Domaine de l&#039;Alpe d&#039;Huez<\/title>\n<meta name=\"description\" content=\"R\u00e9servez en ligne votre appartement plein sud sur le domaine skiable de l&#039;Alpe d&#039;huez \u00e0 Villard-Reculas. La montagne naturelle \u00e9t\u00e9 comme hiver\" \/>\n<meta name=\"robots\" content=\"index, follow, max-snippet:-1, max-image-preview:large, max-video-preview:-1\" \/>\n<link rel=\"canonical\" href=\"https:\/\/location-alpe-dhuez-villard-reculas.com\/index.php\/wpbc-booking\/\" \/>\n<meta property=\"og:locale\" content=\"fr_FR\" \/>\n<meta property=\"og:type\" content=\"article\" \/>\n<meta property=\"og:title\" content=\"Formulaire de r\u00e9servation - Location \u00e0 Villard-Reculas Domaine de l&#039;Alpe d&#039;Huez\" \/>\n<meta property=\"og:description\" content=\"R\u00e9servez en ligne votre appartement plein sud sur le domaine skiable de l&#039;Alpe d&#039;huez \u00e0 Villard-Reculas. La montagne naturelle \u00e9t\u00e9 comme hiver\" \/>\n<meta property=\"og:url\" content=\"https:\/\/location-alpe-dhuez-villard-reculas.com\/index.php\/wpbc-booking\/\" \/>\n<meta property=\"og:site_name\" content=\"Location \u00e0 Villard-Reculas Domaine de l&#039;Alpe d&#039;Huez\" \/>\n<meta property=\"article:modified_time\" content=\"2024-11-06T17:19:56+00:00\" \/>\n<meta property=\"og:image\" content=\"https:\/\/location-alpe-dhuez-villard-reculas.com\/wp-content\/uploads\/2023\/03\/20230124_124426-1-scaled.jpg\" \/>\n\t<meta property=\"og:image:width\" content=\"2560\" \/>\n\t<meta property=\"og:image:height\" content=\"1920\" \/>\n\t<meta property=\"og:image:type\" content=\"image\/jpeg\" \/>\n<meta name=\"twitter:card\" content=\"summary_large_image\" \/>\n<meta name=\"twitter:label1\" content=\"Dur\u00e9e de lecture estim\u00e9e\" \/>\n\t<meta name=\"twitter:data1\" content=\"1 minute\" \/>\n<script type=\"application\/ld+json\" class=\"yoast-schema-graph\">{\"@context\":\"https:\\\/\\\/schema.org\",\"@graph\":[{\"@type\":\"WebPage\",\"@id\":\"https:\\\/\\\/location-alpe-dhuez-villard-reculas.com\\\/index.php\\\/wpbc-booking\\\/\",\"url\":\"https:\\\/\\\/location-alpe-dhuez-villard-reculas.com\\\/index.php\\\/wpbc-booking\\\/\",\"name\":\"Formulaire de r\u00e9servation - Location \u00e0 Villard-Reculas Domaine de l&#039;Alpe d&#039;Huez\",\"isPartOf\":{\"@id\":\"https:\\\/\\\/location-alpe-dhuez-villard-reculas.com\\\/#website\"},\"datePublished\":\"2024-02-03T19:04:44+00:00\",\"dateModified\":\"2024-11-06T17:19:56+00:00\",\"description\":\"R\u00e9servez en ligne votre appartement plein sud sur le domaine skiable de l'Alpe d'huez \u00e0 Villard-Reculas. La montagne naturelle \u00e9t\u00e9 comme hiver\",\"breadcrumb\":{\"@id\":\"https:\\\/\\\/location-alpe-dhuez-villard-reculas.com\\\/index.php\\\/wpbc-booking\\\/#breadcrumb\"},\"inLanguage\":\"fr-FR\",\"potentialAction\":[{\"@type\":\"ReadAction\",\"target\":[\"https:\\\/\\\/location-alpe-dhuez-villard-reculas.com\\\/index.php\\\/wpbc-booking\\\/\"]}]},{\"@type\":\"BreadcrumbList\",\"@id\":\"https:\\\/\\\/location-alpe-dhuez-villard-reculas.com\\\/index.php\\\/wpbc-booking\\\/#breadcrumb\",\"itemListElement\":[{\"@type\":\"ListItem\",\"position\":1,\"name\":\"Accueil\",\"item\":\"https:\\\/\\\/location-alpe-dhuez-villard-reculas.com\\\/\"},{\"@type\":\"ListItem\",\"position\":2,\"name\":\"Formulaire de r\u00e9servation\"}]},{\"@type\":\"WebSite\",\"@id\":\"https:\\\/\\\/location-alpe-dhuez-villard-reculas.com\\\/#website\",\"url\":\"https:\\\/\\\/location-alpe-dhuez-villard-reculas.com\\\/\",\"name\":\"Location Domaine de l'Alpe d'huez\",\"description\":\"Appartement chalet alpe d&#039;huez Villard Reculas\",\"publisher\":{\"@id\":\"https:\\\/\\\/location-alpe-dhuez-villard-reculas.com\\\/#organization\"},\"alternateName\":\"Location appartement ski Alpe d'huez\",\"potentialAction\":[{\"@type\":\"SearchAction\",\"target\":{\"@type\":\"EntryPoint\",\"urlTemplate\":\"https:\\\/\\\/location-alpe-dhuez-villard-reculas.com\\\/?s={search_term_string}\"},\"query-input\":{\"@type\":\"PropertyValueSpecification\",\"valueRequired\":true,\"valueName\":\"search_term_string\"}}],\"inLanguage\":\"fr-FR\"},{\"@type\":\"Organization\",\"@id\":\"https:\\\/\\\/location-alpe-dhuez-villard-reculas.com\\\/#organization\",\"name\":\"Location appartement ski montagne Domaine de l'Alpe d'huez\",\"alternateName\":\"vakantie appartement verhuur alpe d'huez\",\"url\":\"https:\\\/\\\/location-alpe-dhuez-villard-reculas.com\\\/\",\"logo\":{\"@type\":\"ImageObject\",\"inLanguage\":\"fr-FR\",\"@id\":\"https:\\\/\\\/location-alpe-dhuez-villard-reculas.com\\\/#\\\/schema\\\/logo\\\/image\\\/\",\"url\":\"https:\\\/\\\/location-alpe-dhuez-villard-reculas.com\\\/wp-content\\\/uploads\\\/2023\\\/03\\\/IMG-20201207-WA0000.jpg\",\"contentUrl\":\"https:\\\/\\\/location-alpe-dhuez-villard-reculas.com\\\/wp-content\\\/uploads\\\/2023\\\/03\\\/IMG-20201207-WA0000.jpg\",\"width\":960,\"height\":924,\"caption\":\"Location appartement ski montagne Domaine de l'Alpe d'huez\"},\"image\":{\"@id\":\"https:\\\/\\\/location-alpe-dhuez-villard-reculas.com\\\/#\\\/schema\\\/logo\\\/image\\\/\"}}]}<\/script>\n<!-- \/ Yoast SEO plugin. -->","yoast_head_json":{"title":"Formulaire de r\u00e9servation - Location \u00e0 Villard-Reculas Domaine de l&#039;Alpe d&#039;Huez","description":"R\u00e9servez en ligne votre appartement plein sud sur le domaine skiable de l'Alpe d'huez \u00e0 Villard-Reculas. La montagne naturelle \u00e9t\u00e9 comme hiver","robots":{"index":"index","follow":"follow","max-snippet":"max-snippet:-1","max-image-preview":"max-image-preview:large","max-video-preview":"max-video-preview:-1"},"canonical":"https:\/\/location-alpe-dhuez-villard-reculas.com\/index.php\/wpbc-booking\/","og_locale":"fr_FR","og_type":"article","og_title":"Formulaire de r\u00e9servation - Location \u00e0 Villard-Reculas Domaine de l&#039;Alpe d&#039;Huez","og_description":"R\u00e9servez en ligne votre appartement plein sud sur le domaine skiable de l'Alpe d'huez \u00e0 Villard-Reculas. La montagne naturelle \u00e9t\u00e9 comme hiver","og_url":"https:\/\/location-alpe-dhuez-villard-reculas.com\/index.php\/wpbc-booking\/","og_site_name":"Location \u00e0 Villard-Reculas Domaine de l&#039;Alpe d&#039;Huez","article_modified_time":"2024-11-06T17:19:56+00:00","og_image":[{"width":2560,"height":1920,"url":"https:\/\/location-alpe-dhuez-villard-reculas.com\/wp-content\/uploads\/2023\/03\/20230124_124426-1-scaled.jpg","type":"image\/jpeg"}],"twitter_card":"summary_large_image","twitter_misc":{"Dur\u00e9e de lecture estim\u00e9e":"1 minute"},"schema":{"@context":"https:\/\/schema.org","@graph":[{"@type":"WebPage","@id":"https:\/\/location-alpe-dhuez-villard-reculas.com\/index.php\/wpbc-booking\/","url":"https:\/\/location-alpe-dhuez-villard-reculas.com\/index.php\/wpbc-booking\/","name":"Formulaire de r\u00e9servation - Location \u00e0 Villard-Reculas Domaine de l&#039;Alpe d&#039;Huez","isPartOf":{"@id":"https:\/\/location-alpe-dhuez-villard-reculas.com\/#website"},"datePublished":"2024-02-03T19:04:44+00:00","dateModified":"2024-11-06T17:19:56+00:00","description":"R\u00e9servez en ligne votre appartement plein sud sur le domaine skiable de l'Alpe d'huez \u00e0 Villard-Reculas. La montagne naturelle \u00e9t\u00e9 comme hiver","breadcrumb":{"@id":"https:\/\/location-alpe-dhuez-villard-reculas.com\/index.php\/wpbc-booking\/#breadcrumb"},"inLanguage":"fr-FR","potentialAction":[{"@type":"ReadAction","target":["https:\/\/location-alpe-dhuez-villard-reculas.com\/index.php\/wpbc-booking\/"]}]},{"@type":"BreadcrumbList","@id":"https:\/\/location-alpe-dhuez-villard-reculas.com\/index.php\/wpbc-booking\/#breadcrumb","itemListElement":[{"@type":"ListItem","position":1,"name":"Accueil","item":"https:\/\/location-alpe-dhuez-villard-reculas.com\/"},{"@type":"ListItem","position":2,"name":"Formulaire de r\u00e9servation"}]},{"@type":"WebSite","@id":"https:\/\/location-alpe-dhuez-villard-reculas.com\/#website","url":"https:\/\/location-alpe-dhuez-villard-reculas.com\/","name":"Location Domaine de l'Alpe d'huez","description":"Appartement chalet alpe d&#039;huez Villard Reculas","publisher":{"@id":"https:\/\/location-alpe-dhuez-villard-reculas.com\/#organization"},"alternateName":"Location appartement ski Alpe d'huez","potentialAction":[{"@type":"SearchAction","target":{"@type":"EntryPoint","urlTemplate":"https:\/\/location-alpe-dhuez-villard-reculas.com\/?s={search_term_string}"},"query-input":{"@type":"PropertyValueSpecification","valueRequired":true,"valueName":"search_term_string"}}],"inLanguage":"fr-FR"},{"@type":"Organization","@id":"https:\/\/location-alpe-dhuez-villard-reculas.com\/#organization","name":"Location appartement ski montagne Domaine de l'Alpe d'huez","alternateName":"vakantie appartement verhuur alpe d'huez","url":"https:\/\/location-alpe-dhuez-villard-reculas.com\/","logo":{"@type":"ImageObject","inLanguage":"fr-FR","@id":"https:\/\/location-alpe-dhuez-villard-reculas.com\/#\/schema\/logo\/image\/","url":"https:\/\/location-alpe-dhuez-villard-reculas.com\/wp-content\/uploads\/2023\/03\/IMG-20201207-WA0000.jpg","contentUrl":"https:\/\/location-alpe-dhuez-villard-reculas.com\/wp-content\/uploads\/2023\/03\/IMG-20201207-WA0000.jpg","width":960,"height":924,"caption":"Location appartement ski montagne Domaine de l'Alpe d'huez"},"image":{"@id":"https:\/\/location-alpe-dhuez-villard-reculas.com\/#\/schema\/logo\/image\/"}}]}},"_links":{"self":[{"href":"https:\/\/location-alpe-dhuez-villard-reculas.com\/index.php\/wp-json\/wp\/v2\/pages\/1686","targetHints":{"allow":["GET"]}}],"collection":[{"href":"https:\/\/location-alpe-dhuez-villard-reculas.com\/index.php\/wp-json\/wp\/v2\/pages"}],"about":[{"href":"https:\/\/location-alpe-dhuez-villard-reculas.com\/index.php\/wp-json\/wp\/v2\/types\/page"}],"author":[{"embeddable":true,"href":"https:\/\/location-alpe-dhuez-villard-reculas.com\/index.php\/wp-json\/wp\/v2\/users\/1"}],"replies":[{"embeddable":true,"href":"https:\/\/location-alpe-dhuez-villard-reculas.com\/index.php\/wp-json\/wp\/v2\/comments?post=1686"}],"version-history":[{"count":1,"href":"https:\/\/location-alpe-dhuez-villard-reculas.com\/index.php\/wp-json\/wp\/v2\/pages\/1686\/revisions"}],"predecessor-version":[{"id":1731,"href":"https:\/\/location-alpe-dhuez-villard-reculas.com\/index.php\/wp-json\/wp\/v2\/pages\/1686\/revisions\/1731"}],"wp:attachment":[{"href":"https:\/\/location-alpe-dhuez-villard-reculas.com\/index.php\/wp-json\/wp\/v2\/media?parent=1686"}],"curies":[{"name":"wp","href":"https:\/\/api.w.org\/{rel}","templated":true}]}}