{"id":10,"date":"2023-02-28T17:29:11","date_gmt":"2023-02-28T16:29:11","guid":{"rendered":"https:\/\/location-alpe-dhuez-villard-reculas.com\/?page_id=10"},"modified":"2025-10-15T13:43:23","modified_gmt":"2025-10-15T11:43:23","slug":"contact","status":"publish","type":"page","link":"https:\/\/location-alpe-dhuez-villard-reculas.com\/index.php\/contact\/","title":{"rendered":"R\u00e9server"},"content":{"rendered":"<p><div class=\"wpforms-container wpforms-container-full wpforms-block wpforms-block-f9b53a2a-339c-4c99-9ec6-204876ef5ec4\" id=\"wpforms-57\"><form id=\"wpforms-form-57\" class=\"wpforms-validate wpforms-form wpforms-ajax-form\" data-formid=\"57\" method=\"post\" enctype=\"multipart\/form-data\" action=\"\/index.php\/wp-json\/wp\/v2\/pages\/10\" data-token=\"cac8f80cade5c8e449cdf3967dcff2c4\" data-token-time=\"1776345532\"><noscript class=\"wpforms-error-noscript\">Veuillez activer JavaScript dans votre navigateur pour remplir ce formulaire.<\/noscript><div class=\"wpforms-field-container\"><div id=\"wpforms-57-field_0-container\" class=\"wpforms-field wpforms-field-name\" data-field-id=\"0\"><label class=\"wpforms-field-label\">Coordonn\u00e9es <span class=\"wpforms-required-label\">*<\/span><\/label><div class=\"wpforms-field-row wpforms-field-medium\"><div class=\"wpforms-field-row-block wpforms-first wpforms-one-half\"><input type=\"text\" id=\"wpforms-57-field_0\" class=\"wpforms-field-name-first wpforms-field-required\" name=\"wpforms[fields][0][first]\" required><label for=\"wpforms-57-field_0\" class=\"wpforms-field-sublabel after\">Pr\u00e9nom<\/label><\/div><div class=\"wpforms-field-row-block wpforms-one-half\"><input type=\"text\" id=\"wpforms-57-field_0-last\" class=\"wpforms-field-name-last wpforms-field-required\" name=\"wpforms[fields][0][last]\" required><label for=\"wpforms-57-field_0-last\" class=\"wpforms-field-sublabel after\">Nom<\/label><\/div><\/div><\/div><div id=\"wpforms-57-field_1-container\" class=\"wpforms-field wpforms-field-email\" data-field-id=\"1\"><label class=\"wpforms-field-label\" for=\"wpforms-57-field_1\">E-mail <span class=\"wpforms-required-label\">*<\/span><\/label><input type=\"email\" id=\"wpforms-57-field_1\" class=\"wpforms-field-medium wpforms-field-required\" name=\"wpforms[fields][1]\" spellcheck=\"false\" required><\/div><div id=\"wpforms-57-field_2-container\" class=\"wpforms-field wpforms-field-textarea\" data-field-id=\"2\"><label class=\"wpforms-field-label\" for=\"wpforms-57-field_2\">Votre demande de renseignements :<\/label><textarea id=\"wpforms-57-field_2\" class=\"wpforms-field-medium\" name=\"wpforms[fields][2]\" ><\/textarea><\/div><\/div><!-- .wpforms-field-container --><div class=\"wpforms-submit-container\" ><input type=\"hidden\" name=\"wpforms[id]\" value=\"57\"><input type=\"hidden\" name=\"page_title\" value=\"\"><input type=\"hidden\" name=\"page_url\" value=\"https:\/\/location-alpe-dhuez-villard-reculas.com\/index.php\/wp-json\/wp\/v2\/pages\/10\"><input type=\"hidden\" name=\"url_referer\" value=\"\"><button type=\"submit\" name=\"wpforms[submit]\" id=\"wpforms-submit-57\" class=\"wpforms-submit\" data-alt-text=\"Envoi...\" data-submit-text=\"Envoyer\" aria-live=\"assertive\" value=\"wpforms-submit\">Envoyer<\/button><img loading=\"lazy\" decoding=\"async\" src=\"https:\/\/location-alpe-dhuez-villard-reculas.com\/wp-content\/plugins\/wpforms-lite\/assets\/images\/submit-spin.svg\" class=\"wpforms-submit-spinner\" style=\"display: none;\" width=\"26\" height=\"26\" alt=\"Chargement en cours\"><\/div><\/form><\/div>  <!-- .wpforms-container --><\/p>\n<p><\/p>\n<div class=\"wp-block-cover\"><span aria-hidden=\"true\" class=\"wp-block-cover__background has-background-dim\"><\/span><img loading=\"lazy\" decoding=\"async\" width=\"2560\" height=\"1707\" class=\"wp-block-cover__image-background wp-image-91\" alt=\"\" src=\"https:\/\/location-alpe-dhuez-villard-reculas.com\/wp-content\/uploads\/2023\/02\/IMG_5678-Copier-scaled.jpg\" data-object-fit=\"cover\" srcset=\"https:\/\/location-alpe-dhuez-villard-reculas.com\/wp-content\/uploads\/2023\/02\/IMG_5678-Copier-scaled.jpg 2560w, https:\/\/location-alpe-dhuez-villard-reculas.com\/wp-content\/uploads\/2023\/02\/IMG_5678-Copier-300x200.jpg 300w, https:\/\/location-alpe-dhuez-villard-reculas.com\/wp-content\/uploads\/2023\/02\/IMG_5678-Copier-768x512.jpg 768w, https:\/\/location-alpe-dhuez-villard-reculas.com\/wp-content\/uploads\/2023\/02\/IMG_5678-Copier-1536x1024.jpg 1536w, https:\/\/location-alpe-dhuez-villard-reculas.com\/wp-content\/uploads\/2023\/02\/IMG_5678-Copier-2048x1365.jpg 2048w, https:\/\/location-alpe-dhuez-villard-reculas.com\/wp-content\/uploads\/2023\/02\/IMG_5678-Copier-2000x1333.jpg 2000w\" sizes=\"auto, (max-width: 2560px) 100vw, 2560px\" \/><\/p>\n<div class=\"wp-block-cover__inner-container is-layout-flow wp-block-cover-is-layout-flow\"><\/p>\n<p class=\"has-text-align-center has-large-font-size\">Pour r\u00e9server votre s\u00e9jour :<\/p>\n<p><\/p>\n<p><\/p>\n<p class=\"has-text-align-center has-small-font-size\">La r\u00e9servation peut se faire indiff\u00e9remment via les plateformes suivantes, o\u00f9 via un contrat conclu directement ( moins cher qu&rsquo;en passant par les plateformes, hors leboncoin ) . Dans ce cas, merci de nous contacter via le formulaire d\u00e9di\u00e9 ! A bient\u00f4t \u00e0 Villard Reculas !<\/p>\n<p><\/p>\n<p><\/p>\n<div class=\"wp-block-buttons is-layout-flex wp-block-buttons-is-layout-flex\"><\/div>\n<p><\/p>\n<p><\/p>\n<div class=\"wp-block-buttons is-content-justification-center is-layout-flex wp-container-core-buttons-is-layout-a89b3969 wp-block-buttons-is-layout-flex\"><\/p>\n<div class=\"wp-block-button has-custom-width wp-block-button__width-25 has-custom-font-size is-style-outline has-small-font-size is-style-outline--1\"><a class=\"wp-block-button__link has-black-color has-white-background-color has-text-color has-background wp-element-button\" href=\"https:\/\/www.leboncoin.fr\/locations_gites\/2245074857.htm\" style=\"border-radius:19px\">Le boncoin<\/a><\/div>\n<p><\/p>\n<p><\/p>\n<div class=\"wp-block-button has-custom-width wp-block-button__width-25 has-custom-font-size is-style-outline has-small-font-size is-style-outline--2\"><a class=\"wp-block-button__link has-black-color has-white-background-color has-text-color has-background wp-element-button\" href=\"https:\/\/goo.gl\/maps\/hKWrEKwdg2sY2phA7\" style=\"border-radius:19px\">GOOGLE<\/a><\/div>\n<p><\/p>\n<p><\/p>\n<div class=\"wp-block-button has-custom-width wp-block-button__width-25 has-custom-font-size is-style-outline has-small-font-size is-style-outline--3\"><a class=\"wp-block-button__link has-black-color has-white-background-color has-text-color has-background wp-element-button\" href=\"https:\/\/www.villard-reculas.com\/mon-sejour\/se-loger\/\" style=\"border-radius:19px\">Centrale de reservation <\/a><\/div>\n<p><\/div>\n<p><\/div>\n<\/div>\n<p><\/p>\n<p><\/p>\n<hr class=\"wp-block-separator has-alpha-channel-opacity is-style-wide\"\/>\n<\/p>\n<p><\/p>\n<h2 class=\"wp-block-heading has-text-align-center\">Venir \u00e0 Villard Reculas<\/h2>\n<p><\/p>\n<p><\/p>\n<figure class=\"wp-block-gallery has-nested-images columns-default is-cropped wp-block-gallery-4 is-layout-flex wp-block-gallery-is-layout-flex\"><\/p>\n<figure class=\"wp-block-image size-large\"><a href=\"https:\/\/location-alpe-dhuez-villard-reculas.com\/index.php\/venir-par-la-route\/\"><img loading=\"lazy\" decoding=\"async\" width=\"929\" height=\"523\" data-id=\"425\" src=\"https:\/\/location-alpe-dhuez-villard-reculas.com\/wp-content\/uploads\/2023\/03\/alpine_a110_sports_x.jpg\" alt=\"\" class=\"wp-image-425\" srcset=\"https:\/\/location-alpe-dhuez-villard-reculas.com\/wp-content\/uploads\/2023\/03\/alpine_a110_sports_x.jpg 929w, https:\/\/location-alpe-dhuez-villard-reculas.com\/wp-content\/uploads\/2023\/03\/alpine_a110_sports_x-300x169.jpg 300w, https:\/\/location-alpe-dhuez-villard-reculas.com\/wp-content\/uploads\/2023\/03\/alpine_a110_sports_x-768x432.jpg 768w\" sizes=\"auto, (max-width: 929px) 100vw, 929px\" \/><\/a><figcaption class=\"wp-element-caption\">Par la route<\/figcaption><\/figure>\n<p><\/p>\n<p><\/p>\n<figure class=\"wp-block-image size-large\"><a href=\"https:\/\/location-alpe-dhuez-villard-reculas.com\/index.php\/venir-en-train\/\"><img loading=\"lazy\" decoding=\"async\" width=\"1400\" height=\"932\" data-id=\"426\" src=\"https:\/\/location-alpe-dhuez-villard-reculas.com\/wp-content\/uploads\/2023\/03\/tgv-1.webp\" alt=\"\" class=\"wp-image-426\" srcset=\"https:\/\/location-alpe-dhuez-villard-reculas.com\/wp-content\/uploads\/2023\/03\/tgv-1.webp 1400w, https:\/\/location-alpe-dhuez-villard-reculas.com\/wp-content\/uploads\/2023\/03\/tgv-1-300x200.webp 300w, https:\/\/location-alpe-dhuez-villard-reculas.com\/wp-content\/uploads\/2023\/03\/tgv-1-768x511.webp 768w\" sizes=\"auto, (max-width: 1400px) 100vw, 1400px\" \/><\/a><figcaption class=\"wp-element-caption\">En train <\/figcaption><\/figure>\n<p><\/p>\n<p><\/p>\n<figure class=\"wp-block-image size-large\"><a href=\"https:\/\/location-alpe-dhuez-villard-reculas.com\/index.php\/venir-en-avion\/\"><img loading=\"lazy\" decoding=\"async\" width=\"1024\" height=\"768\" data-id=\"427\" src=\"https:\/\/location-alpe-dhuez-villard-reculas.com\/wp-content\/uploads\/2023\/03\/20210929-air-france-pre-sente-son-premier-airbus-a220-300-3pdf-foxit-reader.jpg\" alt=\"\" class=\"wp-image-427\" srcset=\"https:\/\/location-alpe-dhuez-villard-reculas.com\/wp-content\/uploads\/2023\/03\/20210929-air-france-pre-sente-son-premier-airbus-a220-300-3pdf-foxit-reader.jpg 1024w, https:\/\/location-alpe-dhuez-villard-reculas.com\/wp-content\/uploads\/2023\/03\/20210929-air-france-pre-sente-son-premier-airbus-a220-300-3pdf-foxit-reader-300x225.jpg 300w, https:\/\/location-alpe-dhuez-villard-reculas.com\/wp-content\/uploads\/2023\/03\/20210929-air-france-pre-sente-son-premier-airbus-a220-300-3pdf-foxit-reader-768x576.jpg 768w\" sizes=\"auto, (max-width: 1024px) 100vw, 1024px\" \/><\/a><figcaption class=\"wp-element-caption\">En avion<\/figcaption><\/figure>\n<p><\/figure>\n<p><\/p>\n<p><\/p>\n<hr class=\"wp-block-separator has-alpha-channel-opacity\"\/>\n<\/p>\n<p><\/p>\n<figure class=\"wp-block-gallery has-nested-images columns-default is-cropped wp-block-gallery-5 is-layout-flex wp-block-gallery-is-layout-flex\"><\/p>\n<figure class=\"wp-block-image size-large\"><a href=\"https:\/\/location-alpe-dhuez-villard-reculas.com\/index.php\/la-desserte-locale\/\"><img loading=\"lazy\" decoding=\"async\" width=\"411\" height=\"182\" data-id=\"454\" src=\"https:\/\/location-alpe-dhuez-villard-reculas.com\/wp-content\/uploads\/2023\/03\/bus-oisans-petit-3.png\" alt=\"\" class=\"wp-image-454\" srcset=\"https:\/\/location-alpe-dhuez-villard-reculas.com\/wp-content\/uploads\/2023\/03\/bus-oisans-petit-3.png 411w, https:\/\/location-alpe-dhuez-villard-reculas.com\/wp-content\/uploads\/2023\/03\/bus-oisans-petit-3-300x133.png 300w\" sizes=\"auto, (max-width: 411px) 100vw, 411px\" \/><\/a><figcaption class=\"wp-element-caption\">La desserte locale<\/figcaption><\/figure>\n<p><\/p>\n<p><\/p>\n<figure class=\"wp-block-image size-large\"><a href=\"https:\/\/location-alpe-dhuez-villard-reculas.com\/index.php\/depuis-grenoble-lyon-geneve\/\"><img loading=\"lazy\" decoding=\"async\" width=\"411\" height=\"215\" data-id=\"428\" src=\"https:\/\/location-alpe-dhuez-villard-reculas.com\/wp-content\/uploads\/2023\/03\/cars-rgion-isre.png\" alt=\"\" class=\"wp-image-428\" srcset=\"https:\/\/location-alpe-dhuez-villard-reculas.com\/wp-content\/uploads\/2023\/03\/cars-rgion-isre.png 411w, https:\/\/location-alpe-dhuez-villard-reculas.com\/wp-content\/uploads\/2023\/03\/cars-rgion-isre-300x157.png 300w\" sizes=\"auto, (max-width: 411px) 100vw, 411px\" \/><\/a><figcaption class=\"wp-element-caption\">Le transfert depuis Grenoble \/ Lyon \/ Gen\u00e8ve<\/figcaption><\/figure>\n<p><\/figure>\n<p><\/p>\n<p><\/p>\n<hr class=\"wp-block-separator has-alpha-channel-opacity\"\/>\n<\/p>\n<p><\/p>\n<hr class=\"wp-block-separator has-alpha-channel-opacity\"\/>\n<\/p>\n","protected":false},"excerpt":{"rendered":"<p>Venir \u00e0 Villard Reculas<\/p>\n","protected":false},"author":1,"featured_media":34,"parent":0,"menu_order":0,"comment_status":"closed","ping_status":"closed","template":"","meta":{"inspiro_hide_title":false,"_joinchat":[],"footnotes":""},"class_list":["post-10","page","type-page","status-publish","has-post-thumbnail","hentry"],"yoast_head":"<!-- This site is optimized with the Yoast SEO plugin v27.3 - https:\/\/yoast.com\/product\/yoast-seo-wordpress\/ -->\n<title>R\u00e9server - Location \u00e0 Villard-Reculas Domaine de l&#039;Alpe d&#039;Huez<\/title>\n<meta name=\"robots\" content=\"index, follow, max-snippet:-1, max-image-preview:large, max-video-preview:-1\" \/>\n<link rel=\"canonical\" href=\"https:\/\/location-alpe-dhuez-villard-reculas.com\/index.php\/contact\/\" \/>\n<meta property=\"og:locale\" content=\"fr_FR\" \/>\n<meta property=\"og:type\" content=\"article\" \/>\n<meta property=\"og:title\" content=\"R\u00e9server - Location \u00e0 Villard-Reculas Domaine de l&#039;Alpe d&#039;Huez\" \/>\n<meta property=\"og:description\" content=\"Venir \u00e0 Villard Reculas\" \/>\n<meta property=\"og:url\" content=\"https:\/\/location-alpe-dhuez-villard-reculas.com\/index.php\/contact\/\" \/>\n<meta property=\"og:site_name\" content=\"Location \u00e0 Villard-Reculas Domaine de l&#039;Alpe d&#039;Huez\" \/>\n<meta property=\"article:modified_time\" content=\"2025-10-15T11:43:23+00:00\" \/>\n<meta property=\"og:image\" content=\"https:\/\/location-alpe-dhuez-villard-reculas.com\/wp-content\/uploads\/2023\/02\/cropped-essaifondmeuble2-scaled-1.jpg\" \/>\n\t<meta property=\"og:image:width\" content=\"2000\" \/>\n\t<meta property=\"og:image:height\" content=\"1200\" \/>\n\t<meta property=\"og:image:type\" content=\"image\/jpeg\" \/>\n<meta name=\"twitter:card\" content=\"summary_large_image\" \/>\n<meta name=\"twitter:label1\" content=\"Dur\u00e9e de lecture estim\u00e9e\" \/>\n\t<meta name=\"twitter:data1\" content=\"2 minutes\" \/>\n<script type=\"application\/ld+json\" class=\"yoast-schema-graph\">{\"@context\":\"https:\\\/\\\/schema.org\",\"@graph\":[{\"@type\":\"WebPage\",\"@id\":\"https:\\\/\\\/location-alpe-dhuez-villard-reculas.com\\\/index.php\\\/contact\\\/\",\"url\":\"https:\\\/\\\/location-alpe-dhuez-villard-reculas.com\\\/index.php\\\/contact\\\/\",\"name\":\"R\u00e9server - Location \u00e0 Villard-Reculas Domaine de l&#039;Alpe d&#039;Huez\",\"isPartOf\":{\"@id\":\"https:\\\/\\\/location-alpe-dhuez-villard-reculas.com\\\/#website\"},\"primaryImageOfPage\":{\"@id\":\"https:\\\/\\\/location-alpe-dhuez-villard-reculas.com\\\/index.php\\\/contact\\\/#primaryimage\"},\"image\":{\"@id\":\"https:\\\/\\\/location-alpe-dhuez-villard-reculas.com\\\/index.php\\\/contact\\\/#primaryimage\"},\"thumbnailUrl\":\"https:\\\/\\\/location-alpe-dhuez-villard-reculas.com\\\/wp-content\\\/uploads\\\/2023\\\/02\\\/cropped-essaifondmeuble2-scaled-1.jpg\",\"datePublished\":\"2023-02-28T16:29:11+00:00\",\"dateModified\":\"2025-10-15T11:43:23+00:00\",\"breadcrumb\":{\"@id\":\"https:\\\/\\\/location-alpe-dhuez-villard-reculas.com\\\/index.php\\\/contact\\\/#breadcrumb\"},\"inLanguage\":\"fr-FR\",\"potentialAction\":[{\"@type\":\"ReadAction\",\"target\":[\"https:\\\/\\\/location-alpe-dhuez-villard-reculas.com\\\/index.php\\\/contact\\\/\"]}]},{\"@type\":\"ImageObject\",\"inLanguage\":\"fr-FR\",\"@id\":\"https:\\\/\\\/location-alpe-dhuez-villard-reculas.com\\\/index.php\\\/contact\\\/#primaryimage\",\"url\":\"https:\\\/\\\/location-alpe-dhuez-villard-reculas.com\\\/wp-content\\\/uploads\\\/2023\\\/02\\\/cropped-essaifondmeuble2-scaled-1.jpg\",\"contentUrl\":\"https:\\\/\\\/location-alpe-dhuez-villard-reculas.com\\\/wp-content\\\/uploads\\\/2023\\\/02\\\/cropped-essaifondmeuble2-scaled-1.jpg\",\"width\":2000,\"height\":1200},{\"@type\":\"BreadcrumbList\",\"@id\":\"https:\\\/\\\/location-alpe-dhuez-villard-reculas.com\\\/index.php\\\/contact\\\/#breadcrumb\",\"itemListElement\":[{\"@type\":\"ListItem\",\"position\":1,\"name\":\"Accueil\",\"item\":\"https:\\\/\\\/location-alpe-dhuez-villard-reculas.com\\\/\"},{\"@type\":\"ListItem\",\"position\":2,\"name\":\"R\u00e9server\"}]},{\"@type\":\"WebSite\",\"@id\":\"https:\\\/\\\/location-alpe-dhuez-villard-reculas.com\\\/#website\",\"url\":\"https:\\\/\\\/location-alpe-dhuez-villard-reculas.com\\\/\",\"name\":\"Location Domaine de l'Alpe d'huez\",\"description\":\"Appartement chalet alpe d&#039;huez Villard Reculas\",\"publisher\":{\"@id\":\"https:\\\/\\\/location-alpe-dhuez-villard-reculas.com\\\/#organization\"},\"alternateName\":\"Location appartement ski Alpe d'huez\",\"potentialAction\":[{\"@type\":\"SearchAction\",\"target\":{\"@type\":\"EntryPoint\",\"urlTemplate\":\"https:\\\/\\\/location-alpe-dhuez-villard-reculas.com\\\/?s={search_term_string}\"},\"query-input\":{\"@type\":\"PropertyValueSpecification\",\"valueRequired\":true,\"valueName\":\"search_term_string\"}}],\"inLanguage\":\"fr-FR\"},{\"@type\":\"Organization\",\"@id\":\"https:\\\/\\\/location-alpe-dhuez-villard-reculas.com\\\/#organization\",\"name\":\"Location appartement ski montagne Domaine de l'Alpe d'huez\",\"alternateName\":\"vakantie appartement verhuur alpe d'huez\",\"url\":\"https:\\\/\\\/location-alpe-dhuez-villard-reculas.com\\\/\",\"logo\":{\"@type\":\"ImageObject\",\"inLanguage\":\"fr-FR\",\"@id\":\"https:\\\/\\\/location-alpe-dhuez-villard-reculas.com\\\/#\\\/schema\\\/logo\\\/image\\\/\",\"url\":\"https:\\\/\\\/location-alpe-dhuez-villard-reculas.com\\\/wp-content\\\/uploads\\\/2023\\\/03\\\/IMG-20201207-WA0000.jpg\",\"contentUrl\":\"https:\\\/\\\/location-alpe-dhuez-villard-reculas.com\\\/wp-content\\\/uploads\\\/2023\\\/03\\\/IMG-20201207-WA0000.jpg\",\"width\":960,\"height\":924,\"caption\":\"Location appartement ski montagne Domaine de l'Alpe d'huez\"},\"image\":{\"@id\":\"https:\\\/\\\/location-alpe-dhuez-villard-reculas.com\\\/#\\\/schema\\\/logo\\\/image\\\/\"}}]}<\/script>\n<!-- \/ Yoast SEO plugin. -->","yoast_head_json":{"title":"R\u00e9server - Location \u00e0 Villard-Reculas Domaine de l&#039;Alpe d&#039;Huez","robots":{"index":"index","follow":"follow","max-snippet":"max-snippet:-1","max-image-preview":"max-image-preview:large","max-video-preview":"max-video-preview:-1"},"canonical":"https:\/\/location-alpe-dhuez-villard-reculas.com\/index.php\/contact\/","og_locale":"fr_FR","og_type":"article","og_title":"R\u00e9server - Location \u00e0 Villard-Reculas Domaine de l&#039;Alpe d&#039;Huez","og_description":"Venir \u00e0 Villard Reculas","og_url":"https:\/\/location-alpe-dhuez-villard-reculas.com\/index.php\/contact\/","og_site_name":"Location \u00e0 Villard-Reculas Domaine de l&#039;Alpe d&#039;Huez","article_modified_time":"2025-10-15T11:43:23+00:00","og_image":[{"width":2000,"height":1200,"url":"https:\/\/location-alpe-dhuez-villard-reculas.com\/wp-content\/uploads\/2023\/02\/cropped-essaifondmeuble2-scaled-1.jpg","type":"image\/jpeg"}],"twitter_card":"summary_large_image","twitter_misc":{"Dur\u00e9e de lecture estim\u00e9e":"2 minutes"},"schema":{"@context":"https:\/\/schema.org","@graph":[{"@type":"WebPage","@id":"https:\/\/location-alpe-dhuez-villard-reculas.com\/index.php\/contact\/","url":"https:\/\/location-alpe-dhuez-villard-reculas.com\/index.php\/contact\/","name":"R\u00e9server - Location \u00e0 Villard-Reculas Domaine de l&#039;Alpe d&#039;Huez","isPartOf":{"@id":"https:\/\/location-alpe-dhuez-villard-reculas.com\/#website"},"primaryImageOfPage":{"@id":"https:\/\/location-alpe-dhuez-villard-reculas.com\/index.php\/contact\/#primaryimage"},"image":{"@id":"https:\/\/location-alpe-dhuez-villard-reculas.com\/index.php\/contact\/#primaryimage"},"thumbnailUrl":"https:\/\/location-alpe-dhuez-villard-reculas.com\/wp-content\/uploads\/2023\/02\/cropped-essaifondmeuble2-scaled-1.jpg","datePublished":"2023-02-28T16:29:11+00:00","dateModified":"2025-10-15T11:43:23+00:00","breadcrumb":{"@id":"https:\/\/location-alpe-dhuez-villard-reculas.com\/index.php\/contact\/#breadcrumb"},"inLanguage":"fr-FR","potentialAction":[{"@type":"ReadAction","target":["https:\/\/location-alpe-dhuez-villard-reculas.com\/index.php\/contact\/"]}]},{"@type":"ImageObject","inLanguage":"fr-FR","@id":"https:\/\/location-alpe-dhuez-villard-reculas.com\/index.php\/contact\/#primaryimage","url":"https:\/\/location-alpe-dhuez-villard-reculas.com\/wp-content\/uploads\/2023\/02\/cropped-essaifondmeuble2-scaled-1.jpg","contentUrl":"https:\/\/location-alpe-dhuez-villard-reculas.com\/wp-content\/uploads\/2023\/02\/cropped-essaifondmeuble2-scaled-1.jpg","width":2000,"height":1200},{"@type":"BreadcrumbList","@id":"https:\/\/location-alpe-dhuez-villard-reculas.com\/index.php\/contact\/#breadcrumb","itemListElement":[{"@type":"ListItem","position":1,"name":"Accueil","item":"https:\/\/location-alpe-dhuez-villard-reculas.com\/"},{"@type":"ListItem","position":2,"name":"R\u00e9server"}]},{"@type":"WebSite","@id":"https:\/\/location-alpe-dhuez-villard-reculas.com\/#website","url":"https:\/\/location-alpe-dhuez-villard-reculas.com\/","name":"Location Domaine de l'Alpe d'huez","description":"Appartement chalet alpe d&#039;huez Villard Reculas","publisher":{"@id":"https:\/\/location-alpe-dhuez-villard-reculas.com\/#organization"},"alternateName":"Location appartement ski Alpe d'huez","potentialAction":[{"@type":"SearchAction","target":{"@type":"EntryPoint","urlTemplate":"https:\/\/location-alpe-dhuez-villard-reculas.com\/?s={search_term_string}"},"query-input":{"@type":"PropertyValueSpecification","valueRequired":true,"valueName":"search_term_string"}}],"inLanguage":"fr-FR"},{"@type":"Organization","@id":"https:\/\/location-alpe-dhuez-villard-reculas.com\/#organization","name":"Location appartement ski montagne Domaine de l'Alpe d'huez","alternateName":"vakantie appartement verhuur alpe d'huez","url":"https:\/\/location-alpe-dhuez-villard-reculas.com\/","logo":{"@type":"ImageObject","inLanguage":"fr-FR","@id":"https:\/\/location-alpe-dhuez-villard-reculas.com\/#\/schema\/logo\/image\/","url":"https:\/\/location-alpe-dhuez-villard-reculas.com\/wp-content\/uploads\/2023\/03\/IMG-20201207-WA0000.jpg","contentUrl":"https:\/\/location-alpe-dhuez-villard-reculas.com\/wp-content\/uploads\/2023\/03\/IMG-20201207-WA0000.jpg","width":960,"height":924,"caption":"Location appartement ski montagne Domaine de l'Alpe d'huez"},"image":{"@id":"https:\/\/location-alpe-dhuez-villard-reculas.com\/#\/schema\/logo\/image\/"}}]}},"_links":{"self":[{"href":"https:\/\/location-alpe-dhuez-villard-reculas.com\/index.php\/wp-json\/wp\/v2\/pages\/10","targetHints":{"allow":["GET"]}}],"collection":[{"href":"https:\/\/location-alpe-dhuez-villard-reculas.com\/index.php\/wp-json\/wp\/v2\/pages"}],"about":[{"href":"https:\/\/location-alpe-dhuez-villard-reculas.com\/index.php\/wp-json\/wp\/v2\/types\/page"}],"author":[{"embeddable":true,"href":"https:\/\/location-alpe-dhuez-villard-reculas.com\/index.php\/wp-json\/wp\/v2\/users\/1"}],"replies":[{"embeddable":true,"href":"https:\/\/location-alpe-dhuez-villard-reculas.com\/index.php\/wp-json\/wp\/v2\/comments?post=10"}],"version-history":[{"count":54,"href":"https:\/\/location-alpe-dhuez-villard-reculas.com\/index.php\/wp-json\/wp\/v2\/pages\/10\/revisions"}],"predecessor-version":[{"id":1761,"href":"https:\/\/location-alpe-dhuez-villard-reculas.com\/index.php\/wp-json\/wp\/v2\/pages\/10\/revisions\/1761"}],"wp:featuredmedia":[{"embeddable":true,"href":"https:\/\/location-alpe-dhuez-villard-reculas.com\/index.php\/wp-json\/wp\/v2\/media\/34"}],"wp:attachment":[{"href":"https:\/\/location-alpe-dhuez-villard-reculas.com\/index.php\/wp-json\/wp\/v2\/media?parent=10"}],"curies":[{"name":"wp","href":"https:\/\/api.w.org\/{rel}","templated":true}]}}